{"id":28,"date":"2024-11-11T10:58:16","date_gmt":"2024-11-11T10:58:16","guid":{"rendered":"http:\/\/shs-protect.com\/?page_id=28"},"modified":"2025-03-08T19:07:50","modified_gmt":"2025-03-08T19:07:50","slug":"kapcsolat","status":"publish","type":"page","link":"https:\/\/shs-protect.com\/de\/kapcsolat\/","title":{"rendered":"Kontakt"},"content":{"rendered":"\t\t<div data-elementor-type=\"wp-page\" data-elementor-id=\"28\" class=\"elementor elementor-28\" data-elementor-post-type=\"page\">\n\t\t\t\t<div class=\"elementor-element elementor-element-67135df e-flex e-con-boxed e-con e-parent\" data-id=\"67135df\" data-element_type=\"container\" data-e-type=\"container\">\n\t\t\t\t\t<div class=\"e-con-inner\">\n\t\t\t\t<div class=\"elementor-element elementor-element-0af7802 elementor-widget elementor-widget-heading\" data-id=\"0af7802\" data-element_type=\"widget\" data-e-type=\"widget\" data-widget_type=\"heading.default\">\n\t\t\t\t<div class=\"elementor-widget-container\">\n\t\t\t\t\t<h2 class=\"elementor-heading-title elementor-size-default\">Kapcsolat<\/h2>\t\t\t\t<\/div>\n\t\t\t\t<\/div>\n\t\t\t\t<div class=\"elementor-element elementor-element-27830a9 elementor-widget__width-initial elementor-widget elementor-widget-text-editor\" data-id=\"27830a9\" data-element_type=\"widget\" data-e-type=\"widget\" data-widget_type=\"text-editor.default\">\n\t\t\t\t<div class=\"elementor-widget-container\">\n\t\t\t\t\t\t\t\t\t<p>\u00d6r\u00f6mmel \u00e1llunk rendelkez\u00e9s\u00e9re b\u00e1rmilyen k\u00e9rd\u00e9ssel, k\u00e9r\u00e9ssel vagy \u00e9szrev\u00e9tellel kapcsolatban. Az al\u00e1bbi el\u00e9rhet\u0151s\u00e9geinken k\u00f6nnyed\u00e9n kapcsolatba l\u00e9phet vel\u00fcnk. Legyen sz\u00f3 term\u00e9kinform\u00e1ci\u00f3r\u00f3l, technikai t\u00e1mogat\u00e1sr\u00f3l, vagy egy\u00e9b \u00fcgyint\u00e9z\u00e9sr\u0151l, csapatunk k\u00e9szs\u00e9ggel seg\u00edt.Forduljon hozz\u00e1nk bizalommal, \u00e9s mi a lehet\u0151 leghamarabb v\u00e1laszolunk!<\/p>\t\t\t\t\t\t\t\t<\/div>\n\t\t\t\t<\/div>\n\t\t<div class=\"elementor-element elementor-element-3051dc3 e-grid e-con-full e-con e-child\" data-id=\"3051dc3\" data-element_type=\"container\" data-e-type=\"container\">\n\t\t<div class=\"elementor-element elementor-element-cea695b e-con-full e-flex e-con e-child\" data-id=\"cea695b\" data-element_type=\"container\" data-e-type=\"container\" data-settings=\"{&quot;background_background&quot;:&quot;classic&quot;}\">\n\t\t\t\t<div class=\"elementor-element elementor-element-b663dc9 elementor-view-framed elementor-shape-circle elementor-position-block-start elementor-mobile-position-block-start elementor-widget elementor-widget-icon-box\" data-id=\"b663dc9\" data-element_type=\"widget\" data-e-type=\"widget\" data-widget_type=\"icon-box.default\">\n\t\t\t\t<div class=\"elementor-widget-container\">\n\t\t\t\t\t\t\t<div class=\"elementor-icon-box-wrapper\">\n\n\t\t\t\t\t\t<div class=\"elementor-icon-box-icon\">\n\t\t\t\t<a href=\"tel:+44%207438784680\" class=\"elementor-icon\" tabindex=\"-1\" aria-label=\"+44 7438784680\">\n\t\t\t\t<svg aria-hidden=\"true\" class=\"e-font-icon-svg e-fas-phone-alt\" viewBox=\"0 0 512 512\" xmlns=\"http:\/\/www.w3.org\/2000\/svg\"><path d=\"M497.39 361.8l-112-48a24 24 0 0 0-28 6.9l-49.6 60.6A370.66 370.66 0 0 1 130.6 204.11l60.6-49.6a23.94 23.94 0 0 0 6.9-28l-48-112A24.16 24.16 0 0 0 122.6.61l-104 24A24 24 0 0 0 0 48c0 256.5 207.9 464 464 464a24 24 0 0 0 23.4-18.6l24-104a24.29 24.29 0 0 0-14.01-27.6z\"><\/path><\/svg>\t\t\t\t<\/a>\n\t\t\t<\/div>\n\t\t\t\n\t\t\t\t\t\t<div class=\"elementor-icon-box-content\">\n\n\t\t\t\t\t\t\t\t\t<h3 class=\"elementor-icon-box-title\">\n\t\t\t\t\t\t<a href=\"tel:+44%207438784680\" >\n\t\t\t\t\t\t\t+44 7438784680\t\t\t\t\t\t<\/a>\n\t\t\t\t\t<\/h3>\n\t\t\t\t\n\t\t\t\t\t\t\t\t\t<p class=\"elementor-icon-box-description\">\n\t\t\t\t\t\tTelefon\t\t\t\t\t<\/p>\n\t\t\t\t\n\t\t\t<\/div>\n\t\t\t\n\t\t<\/div>\n\t\t\t\t\t\t<\/div>\n\t\t\t\t<\/div>\n\t\t\t\t<\/div>\n\t\t<div class=\"elementor-element elementor-element-cf91f76 e-con-full e-flex e-con e-child\" data-id=\"cf91f76\" data-element_type=\"container\" data-e-type=\"container\" data-settings=\"{&quot;background_background&quot;:&quot;classic&quot;}\">\n\t\t\t\t<div class=\"elementor-element elementor-element-11b04cd elementor-view-framed elementor-shape-circle elementor-position-block-start elementor-mobile-position-block-start elementor-widget elementor-widget-icon-box\" data-id=\"11b04cd\" data-element_type=\"widget\" data-e-type=\"widget\" data-widget_type=\"icon-box.default\">\n\t\t\t\t<div class=\"elementor-widget-container\">\n\t\t\t\t\t\t\t<div class=\"elementor-icon-box-wrapper\">\n\n\t\t\t\t\t\t<div class=\"elementor-icon-box-icon\">\n\t\t\t\t<a href=\"mailto:info@shs-protect.com\" class=\"elementor-icon\" tabindex=\"-1\" aria-label=\"info@shs-protect.com\">\n\t\t\t\t<svg aria-hidden=\"true\" class=\"e-font-icon-svg e-far-envelope\" viewBox=\"0 0 512 512\" xmlns=\"http:\/\/www.w3.org\/2000\/svg\"><path d=\"M464 64H48C21.49 64 0 85.49 0 112v288c0 26.51 21.49 48 48 48h416c26.51 0 48-21.49 48-48V112c0-26.51-21.49-48-48-48zm0 48v40.805c-22.422 18.259-58.168 46.651-134.587 106.49-16.841 13.247-50.201 45.072-73.413 44.701-23.208.375-56.579-31.459-73.413-44.701C106.18 199.465 70.425 171.067 48 152.805V112h416zM48 400V214.398c22.914 18.251 55.409 43.862 104.938 82.646 21.857 17.205 60.134 55.186 103.062 54.955 42.717.231 80.509-37.199 103.053-54.947 49.528-38.783 82.032-64.401 104.947-82.653V400H48z\"><\/path><\/svg>\t\t\t\t<\/a>\n\t\t\t<\/div>\n\t\t\t\n\t\t\t\t\t\t<div class=\"elementor-icon-box-content\">\n\n\t\t\t\t\t\t\t\t\t<h3 class=\"elementor-icon-box-title\">\n\t\t\t\t\t\t<a href=\"mailto:info@shs-protect.com\" >\n\t\t\t\t\t\t\tinfo@shs-protect.com\t\t\t\t\t\t<\/a>\n\t\t\t\t\t<\/h3>\n\t\t\t\t\n\t\t\t\t\t\t\t\t\t<p class=\"elementor-icon-box-description\">\n\t\t\t\t\t\tE-mail\t\t\t\t\t<\/p>\n\t\t\t\t\n\t\t\t<\/div>\n\t\t\t\n\t\t<\/div>\n\t\t\t\t\t\t<\/div>\n\t\t\t\t<\/div>\n\t\t\t\t<\/div>\n\t\t<div class=\"elementor-element elementor-element-e0d22e7 e-con-full e-flex e-con e-child\" data-id=\"e0d22e7\" data-element_type=\"container\" data-e-type=\"container\" data-settings=\"{&quot;background_background&quot;:&quot;classic&quot;}\">\n\t\t\t\t<div class=\"elementor-element elementor-element-6c608be elementor-view-framed elementor-shape-circle elementor-position-block-start elementor-mobile-position-block-start elementor-widget elementor-widget-icon-box\" data-id=\"6c608be\" data-element_type=\"widget\" data-e-type=\"widget\" data-widget_type=\"icon-box.default\">\n\t\t\t\t<div class=\"elementor-widget-container\">\n\t\t\t\t\t\t\t<div class=\"elementor-icon-box-wrapper\">\n\n\t\t\t\t\t\t<div class=\"elementor-icon-box-icon\">\n\t\t\t\t<span  class=\"elementor-icon\">\n\t\t\t\t<svg aria-hidden=\"true\" class=\"e-font-icon-svg e-far-paper-plane\" viewBox=\"0 0 512 512\" xmlns=\"http:\/\/www.w3.org\/2000\/svg\"><path d=\"M440 6.5L24 246.4c-34.4 19.9-31.1 70.8 5.7 85.9L144 379.6V464c0 46.4 59.2 65.5 86.6 28.6l43.8-59.1 111.9 46.2c5.9 2.4 12.1 3.6 18.3 3.6 8.2 0 16.3-2.1 23.6-6.2 12.8-7.2 21.6-20 23.9-34.5l59.4-387.2c6.1-40.1-36.9-68.8-71.5-48.9zM192 464v-64.6l36.6 15.1L192 464zm212.6-28.7l-153.8-63.5L391 169.5c10.7-15.5-9.5-33.5-23.7-21.2L155.8 332.6 48 288 464 48l-59.4 387.3z\"><\/path><\/svg>\t\t\t\t<\/span>\n\t\t\t<\/div>\n\t\t\t\n\t\t\t\t\t\t<div class=\"elementor-icon-box-content\">\n\n\t\t\t\t\t\t\t\t\t<h3 class=\"elementor-icon-box-title\">\n\t\t\t\t\t\t<span  >\n\t\t\t\t\t\t\t 72 Maryland Road, Thornton Heath CR7 8DF\t\t\t\t\t\t<\/span>\n\t\t\t\t\t<\/h3>\n\t\t\t\t\n\t\t\t\t\t\t\t\t\t<p class=\"elementor-icon-box-description\">\n\t\t\t\t\t\tC\u00edm\t\t\t\t\t<\/p>\n\t\t\t\t\n\t\t\t<\/div>\n\t\t\t\n\t\t<\/div>\n\t\t\t\t\t\t<\/div>\n\t\t\t\t<\/div>\n\t\t\t\t<\/div>\n\t\t\t\t<\/div>\n\t\t\t\t\t<\/div>\n\t\t\t\t<\/div>\n\t\t<div class=\"elementor-element elementor-element-f1c38c1 e-flex e-con-boxed e-con e-parent\" data-id=\"f1c38c1\" data-element_type=\"container\" data-e-type=\"container\">\n\t\t\t\t\t<div class=\"e-con-inner\">\n\t\t<div class=\"elementor-element elementor-element-31f04b7 e-con-full e-flex e-con e-child\" data-id=\"31f04b7\" data-element_type=\"container\" data-e-type=\"container\">\n\t\t\t\t<div class=\"elementor-element elementor-element-5f1a9d3 elementor-widget elementor-widget-image\" data-id=\"5f1a9d3\" data-element_type=\"widget\" data-e-type=\"widget\" data-widget_type=\"image.default\">\n\t\t\t\t<div class=\"elementor-widget-container\">\n\t\t\t\t\t\t\t\t\t\t\t\t\t\t\t<img fetchpriority=\"high\" decoding=\"async\" width=\"800\" height=\"800\" src=\"https:\/\/shs-protect.com\/wp-content\/uploads\/2024\/11\/Nevtelen-terv-8-1024x1024.png\" class=\"attachment-large size-large wp-image-384\" alt=\"\" srcset=\"https:\/\/shs-protect.com\/wp-content\/uploads\/2024\/11\/Nevtelen-terv-8-1024x1024.png 1024w, https:\/\/shs-protect.com\/wp-content\/uploads\/2024\/11\/Nevtelen-terv-8-300x300.png 300w, https:\/\/shs-protect.com\/wp-content\/uploads\/2024\/11\/Nevtelen-terv-8-100x100.png 100w, https:\/\/shs-protect.com\/wp-content\/uploads\/2024\/11\/Nevtelen-terv-8-600x600.png 600w, https:\/\/shs-protect.com\/wp-content\/uploads\/2024\/11\/Nevtelen-terv-8-150x150.png 150w, https:\/\/shs-protect.com\/wp-content\/uploads\/2024\/11\/Nevtelen-terv-8-768x768.png 768w, https:\/\/shs-protect.com\/wp-content\/uploads\/2024\/11\/Nevtelen-terv-8-1536x1536.png 1536w, https:\/\/shs-protect.com\/wp-content\/uploads\/2024\/11\/Nevtelen-terv-8.png 2000w\" sizes=\"(max-width: 800px) 100vw, 800px\" \/>\t\t\t\t\t\t\t\t\t\t\t\t\t\t\t<\/div>\n\t\t\t\t<\/div>\n\t\t\t\t<div class=\"elementor-element elementor-element-9e301de center-justified elementor-widget elementor-widget-heading\" data-id=\"9e301de\" data-element_type=\"widget\" data-e-type=\"widget\" data-widget_type=\"heading.default\">\n\t\t\t\t<div class=\"elementor-widget-container\">\n\t\t\t\t\t<p class=\"elementor-heading-title elementor-size-default\">Ahol ilyen rendszer m\u0171k\u00f6dik, abban a t\u00e9rben m\u00e1r semmilyen eg\u00e9szs\u00e9g\u00fcgyi kock\u00e1zat nincs!<\/p>\t\t\t\t<\/div>\n\t\t\t\t<\/div>\n\t\t\t\t<\/div>\n\t\t<div class=\"elementor-element elementor-element-b4e210b e-con-full e-flex e-con e-child\" data-id=\"b4e210b\" data-element_type=\"container\" data-e-type=\"container\">\n\t\t\t\t<div class=\"elementor-element elementor-element-c0fe6ab elementor-widget elementor-widget-heading\" data-id=\"c0fe6ab\" data-element_type=\"widget\" data-e-type=\"widget\" data-widget_type=\"heading.default\">\n\t\t\t\t<div class=\"elementor-widget-container\">\n\t\t\t\t\t<h2 class=\"elementor-heading-title elementor-size-default\">K\u00e9rd\u00e9se van?<\/h2>\t\t\t\t<\/div>\n\t\t\t\t<\/div>\n\t\t\t\t<div class=\"elementor-element elementor-element-f6a3170 center-justified elementor-widget elementor-widget-text-editor\" data-id=\"f6a3170\" data-element_type=\"widget\" data-e-type=\"widget\" data-widget_type=\"text-editor.default\">\n\t\t\t\t<div class=\"elementor-widget-container\">\n\t\t\t\t\t\t\t\t\t<p><span style=\"font-weight: 400;\">Az ANGLER CONSULTING LTD kiemelt forgalmaz\u00f3 partner Europai piacon \u00e9s az Egyes\u00fclt Kir\u00e1lys\u00e1g ter\u00fclet\u00e9n, a sug\u00e1rz\u00e1sv\u00e9delmi technol\u00f3gi\u00e1k \u00e9rt\u00e9kes\u00edt\u00e9s\u00e9vel foglakozik.<\/span><\/p>\t\t\t\t\t\t\t\t<\/div>\n\t\t\t\t<\/div>\n\t\t\t\t<div class=\"elementor-element elementor-element-5d4160f elementor-button-align-stretch elementor-widget elementor-widget-form\" data-id=\"5d4160f\" data-element_type=\"widget\" data-e-type=\"widget\" data-settings=\"{&quot;step_next_label&quot;:&quot;K\\u00f6vetkez\\u0151&quot;,&quot;step_previous_label&quot;:&quot;El\\u0151z\\u0151&quot;,&quot;button_width&quot;:&quot;100&quot;,&quot;step_type&quot;:&quot;number_text&quot;,&quot;step_icon_shape&quot;:&quot;circle&quot;}\" data-widget_type=\"form.default\">\n\t\t\t\t<div class=\"elementor-widget-container\">\n\t\t\t\t\t\t\t<form class=\"elementor-form\" method=\"post\" name=\"\u00daj \u0171rlap\" aria-label=\"\u00daj \u0171rlap\">\n\t\t\t<input type=\"hidden\" name=\"post_id\" value=\"28\"\/>\n\t\t\t<input type=\"hidden\" name=\"form_id\" value=\"5d4160f\"\/>\n\t\t\t<input type=\"hidden\" name=\"referer_title\" value=\"Kapcsolat - SHS-Protect by SHS\" \/>\n\n\t\t\t\t\t\t\t<input type=\"hidden\" name=\"queried_id\" value=\"28\"\/>\n\t\t\t\n\t\t\t<div class=\"elementor-form-fields-wrapper elementor-labels-\">\n\t\t\t\t\t\t\t\t<div class=\"elementor-field-type-text elementor-field-group elementor-column elementor-field-group-name elementor-col-100\">\n\t\t\t\t\t\t\t\t\t\t\t\t<label for=\"form-field-name\" class=\"elementor-field-label elementor-screen-only\">\n\t\t\t\t\t\t\t\tN\u00e9v\t\t\t\t\t\t\t<\/label>\n\t\t\t\t\t\t\t\t\t\t\t\t\t\t<input size=\"1\" type=\"text\" name=\"form_fields[name]\" id=\"form-field-name\" class=\"elementor-field elementor-size-sm  elementor-field-textual\" placeholder=\"N\u00e9v\">\n\t\t\t\t\t\t\t\t\t\t\t<\/div>\n\t\t\t\t\t\t\t\t<div class=\"elementor-field-type-email elementor-field-group elementor-column elementor-field-group-email elementor-col-100 elementor-field-required\">\n\t\t\t\t\t\t\t\t\t\t\t\t<label for=\"form-field-email\" class=\"elementor-field-label elementor-screen-only\">\n\t\t\t\t\t\t\t\tEmail\t\t\t\t\t\t\t<\/label>\n\t\t\t\t\t\t\t\t\t\t\t\t\t\t<input size=\"1\" type=\"email\" name=\"form_fields[email]\" id=\"form-field-email\" class=\"elementor-field elementor-size-sm  elementor-field-textual\" placeholder=\"Email\" required=\"required\">\n\t\t\t\t\t\t\t\t\t\t\t<\/div>\n\t\t\t\t\t\t\t\t<div class=\"elementor-field-type-textarea elementor-field-group elementor-column elementor-field-group-message elementor-col-100\">\n\t\t\t\t\t\t\t\t\t\t\t\t<label for=\"form-field-message\" class=\"elementor-field-label elementor-screen-only\">\n\t\t\t\t\t\t\t\t\u00dczenet\t\t\t\t\t\t\t<\/label>\n\t\t\t\t\t\t<textarea class=\"elementor-field-textual elementor-field  elementor-size-sm\" name=\"form_fields[message]\" id=\"form-field-message\" rows=\"4\" placeholder=\"\u00dczenet\"><\/textarea>\t\t\t\t<\/div>\n\t\t\t\t\t\t\t\t<div class=\"elementor-field-type-acceptance elementor-field-group elementor-column elementor-field-group-field_161ada6 elementor-col-100\">\n\t\t\t\t\t\t\t<div class=\"elementor-field-subgroup\">\n\t\t\t<span class=\"elementor-field-option\">\n\t\t\t\t<input type=\"checkbox\" name=\"form_fields[field_161ada6]\" id=\"form-field-field_161ada6\" class=\"elementor-field elementor-size-sm  elementor-acceptance-field\">\n\t\t\t\t<label for=\"form-field-field_161ada6\">Elfogadom \u00e9s elolvastam az <a href=\"\/adatvedelmi-nyilatkozat\">adatv\u00e9delmi nyilatkozatot<\/a>.<\/label>\t\t\t<\/span>\n\t\t<\/div>\n\t\t\t\t\t\t<\/div>\n\t\t\t\t\t\t\t\t<div class=\"elementor-field-group elementor-column elementor-field-type-submit elementor-col-100 e-form__buttons\">\n\t\t\t\t\t<button class=\"elementor-button elementor-size-sm\" type=\"submit\">\n\t\t\t\t\t\t<span class=\"elementor-button-content-wrapper\">\n\t\t\t\t\t\t\t\t\t\t\t\t\t\t\t\t\t\t\t\t\t\t<span class=\"elementor-button-text\">K\u00fcld\u00e9s<\/span>\n\t\t\t\t\t\t\t\t\t\t\t\t\t<\/span>\n\t\t\t\t\t<\/button>\n\t\t\t\t<\/div>\n\t\t\t<\/div>\n\t\t<\/form>\n\t\t\t\t\t\t<\/div>\n\t\t\t\t<\/div>\n\t\t\t\t<\/div>\n\t\t\t\t\t<\/div>\n\t\t\t\t<\/div>\n\t\t\t\t<\/div>\n\t\t","protected":false},"excerpt":{"rendered":"<p>Kapcsolat \u00d6r\u00f6mmel \u00e1llunk rendelkez\u00e9s\u00e9re b\u00e1rmilyen k\u00e9rd\u00e9ssel, k\u00e9r\u00e9ssel vagy \u00e9szrev\u00e9tellel kapcsolatban. Az al\u00e1bbi el\u00e9rhet\u0151s\u00e9geinken k\u00f6nnyed\u00e9n kapcsolatba l\u00e9phet vel\u00fcnk. Legyen sz\u00f3 term\u00e9kinform\u00e1ci\u00f3r\u00f3l, technikai t\u00e1mogat\u00e1sr\u00f3l, vagy egy\u00e9b \u00fcgyint\u00e9z\u00e9sr\u0151l, csapatunk k\u00e9szs\u00e9ggel seg\u00edt.Forduljon hozz\u00e1nk bizalommal, \u00e9s mi a lehet\u0151 leghamarabb v\u00e1laszolunk! +44 7438784680 Telefon info@shs-protect.com E-mail 72 Maryland Road, Thornton Heath CR7 8DF C\u00edm Ahol ilyen rendszer m\u0171k\u00f6dik, abban a [&hellip;]<\/p>\n","protected":false},"author":1,"featured_media":0,"parent":0,"menu_order":0,"comment_status":"closed","ping_status":"closed","template":"elementor_header_footer","meta":{"footnotes":""},"class_list":["post-28","page","type-page","status-publish","hentry"],"yoast_head":"<!-- This site is optimized with the Yoast SEO plugin v27.4 - https:\/\/yoast.com\/product\/yoast-seo-wordpress\/ -->\n<title>Kapcsolat - SHS-Protect by SHS<\/title>\n<meta name=\"robots\" content=\"index, follow, max-snippet:-1, max-image-preview:large, max-video-preview:-1\" \/>\n<link rel=\"canonical\" href=\"https:\/\/shs-protect.com\/de\/kapcsolat\/\" \/>\n<meta property=\"og:locale\" content=\"de_DE\" \/>\n<meta property=\"og:type\" content=\"article\" \/>\n<meta property=\"og:title\" content=\"Kapcsolat - SHS-Protect by SHS\" \/>\n<meta property=\"og:description\" content=\"Kapcsolat \u00d6r\u00f6mmel \u00e1llunk rendelkez\u00e9s\u00e9re b\u00e1rmilyen k\u00e9rd\u00e9ssel, k\u00e9r\u00e9ssel vagy \u00e9szrev\u00e9tellel kapcsolatban. Az al\u00e1bbi el\u00e9rhet\u0151s\u00e9geinken k\u00f6nnyed\u00e9n kapcsolatba l\u00e9phet vel\u00fcnk. Legyen sz\u00f3 term\u00e9kinform\u00e1ci\u00f3r\u00f3l, technikai t\u00e1mogat\u00e1sr\u00f3l, vagy egy\u00e9b \u00fcgyint\u00e9z\u00e9sr\u0151l, csapatunk k\u00e9szs\u00e9ggel seg\u00edt.Forduljon hozz\u00e1nk bizalommal, \u00e9s mi a lehet\u0151 leghamarabb v\u00e1laszolunk! +44 7438784680 Telefon info@shs-protect.com E-mail 72 Maryland Road, Thornton Heath CR7 8DF C\u00edm Ahol ilyen rendszer m\u0171k\u00f6dik, abban a [&hellip;]\" \/>\n<meta property=\"og:url\" content=\"https:\/\/shs-protect.com\/de\/kapcsolat\/\" \/>\n<meta property=\"og:site_name\" content=\"SHS-Protect by SHS\" \/>\n<meta property=\"article:modified_time\" content=\"2025-03-08T19:07:50+00:00\" \/>\n<meta property=\"og:image\" content=\"http:\/\/shs-protect.com\/wp-content\/uploads\/2024\/11\/Nevtelen-terv-8-1024x1024.png\" \/>\n<meta name=\"twitter:card\" content=\"summary_large_image\" \/>\n<meta name=\"twitter:label1\" content=\"Gesch\u00e4tzte Lesezeit\" \/>\n\t<meta name=\"twitter:data1\" content=\"1\u00a0Minute\" \/>\n<script type=\"application\/ld+json\" class=\"yoast-schema-graph\">{\"@context\":\"https:\\\/\\\/schema.org\",\"@graph\":[{\"@type\":\"WebPage\",\"@id\":\"https:\\\/\\\/shs-protect.com\\\/kapcsolat\\\/\",\"url\":\"https:\\\/\\\/shs-protect.com\\\/kapcsolat\\\/\",\"name\":\"Kapcsolat - SHS-Protect by SHS\",\"isPartOf\":{\"@id\":\"https:\\\/\\\/shs-protect.com\\\/#website\"},\"primaryImageOfPage\":{\"@id\":\"https:\\\/\\\/shs-protect.com\\\/kapcsolat\\\/#primaryimage\"},\"image\":{\"@id\":\"https:\\\/\\\/shs-protect.com\\\/kapcsolat\\\/#primaryimage\"},\"thumbnailUrl\":\"http:\\\/\\\/shs-protect.com\\\/wp-content\\\/uploads\\\/2024\\\/11\\\/Nevtelen-terv-8-1024x1024.png\",\"datePublished\":\"2024-11-11T10:58:16+00:00\",\"dateModified\":\"2025-03-08T19:07:50+00:00\",\"breadcrumb\":{\"@id\":\"https:\\\/\\\/shs-protect.com\\\/kapcsolat\\\/#breadcrumb\"},\"inLanguage\":\"de\",\"potentialAction\":[{\"@type\":\"ReadAction\",\"target\":[\"https:\\\/\\\/shs-protect.com\\\/kapcsolat\\\/\"]}]},{\"@type\":\"ImageObject\",\"inLanguage\":\"de\",\"@id\":\"https:\\\/\\\/shs-protect.com\\\/kapcsolat\\\/#primaryimage\",\"url\":\"http:\\\/\\\/shs-protect.com\\\/wp-content\\\/uploads\\\/2024\\\/11\\\/Nevtelen-terv-8-1024x1024.png\",\"contentUrl\":\"http:\\\/\\\/shs-protect.com\\\/wp-content\\\/uploads\\\/2024\\\/11\\\/Nevtelen-terv-8-1024x1024.png\"},{\"@type\":\"BreadcrumbList\",\"@id\":\"https:\\\/\\\/shs-protect.com\\\/kapcsolat\\\/#breadcrumb\",\"itemListElement\":[{\"@type\":\"ListItem\",\"position\":1,\"name\":\"Kezd\u0151lap\",\"item\":\"https:\\\/\\\/shs-protect.com\\\/\"},{\"@type\":\"ListItem\",\"position\":2,\"name\":\"Kapcsolat\"}]},{\"@type\":\"WebSite\",\"@id\":\"https:\\\/\\\/shs-protect.com\\\/#website\",\"url\":\"https:\\\/\\\/shs-protect.com\\\/\",\"name\":\"SHS-Protect by SHS\",\"description\":\"Teremts Magadnak Harm\u00f3ni\u00e1t\",\"publisher\":{\"@id\":\"https:\\\/\\\/shs-protect.com\\\/#organization\"},\"potentialAction\":[{\"@type\":\"SearchAction\",\"target\":{\"@type\":\"EntryPoint\",\"urlTemplate\":\"https:\\\/\\\/shs-protect.com\\\/?s={search_term_string}\"},\"query-input\":{\"@type\":\"PropertyValueSpecification\",\"valueRequired\":true,\"valueName\":\"search_term_string\"}}],\"inLanguage\":\"de\"},{\"@type\":\"Organization\",\"@id\":\"https:\\\/\\\/shs-protect.com\\\/#organization\",\"name\":\"SHS-Protect by SHS\",\"url\":\"https:\\\/\\\/shs-protect.com\\\/\",\"logo\":{\"@type\":\"ImageObject\",\"inLanguage\":\"de\",\"@id\":\"https:\\\/\\\/shs-protect.com\\\/#\\\/schema\\\/logo\\\/image\\\/\",\"url\":\"https:\\\/\\\/shs-protect.com\\\/wp-content\\\/uploads\\\/2024\\\/11\\\/2-5.png\",\"contentUrl\":\"https:\\\/\\\/shs-protect.com\\\/wp-content\\\/uploads\\\/2024\\\/11\\\/2-5.png\",\"width\":388,\"height\":114,\"caption\":\"SHS-Protect by SHS\"},\"image\":{\"@id\":\"https:\\\/\\\/shs-protect.com\\\/#\\\/schema\\\/logo\\\/image\\\/\"}}]}<\/script>\n<!-- \/ Yoast SEO plugin. -->","yoast_head_json":{"title":"Ansprechpartner - SHS-Protect by SHS","robots":{"index":"index","follow":"follow","max-snippet":"max-snippet:-1","max-image-preview":"max-image-preview:large","max-video-preview":"max-video-preview:-1"},"canonical":"https:\/\/shs-protect.com\/de\/kapcsolat\/","og_locale":"de_DE","og_type":"article","og_title":"Kapcsolat - SHS-Protect by SHS","og_description":"Kapcsolat \u00d6r\u00f6mmel \u00e1llunk rendelkez\u00e9s\u00e9re b\u00e1rmilyen k\u00e9rd\u00e9ssel, k\u00e9r\u00e9ssel vagy \u00e9szrev\u00e9tellel kapcsolatban. Az al\u00e1bbi el\u00e9rhet\u0151s\u00e9geinken k\u00f6nnyed\u00e9n kapcsolatba l\u00e9phet vel\u00fcnk. Legyen sz\u00f3 term\u00e9kinform\u00e1ci\u00f3r\u00f3l, technikai t\u00e1mogat\u00e1sr\u00f3l, vagy egy\u00e9b \u00fcgyint\u00e9z\u00e9sr\u0151l, csapatunk k\u00e9szs\u00e9ggel seg\u00edt.Forduljon hozz\u00e1nk bizalommal, \u00e9s mi a lehet\u0151 leghamarabb v\u00e1laszolunk! +44 7438784680 Telefon info@shs-protect.com E-mail 72 Maryland Road, Thornton Heath CR7 8DF C\u00edm Ahol ilyen rendszer m\u0171k\u00f6dik, abban a [&hellip;]","og_url":"https:\/\/shs-protect.com\/de\/kapcsolat\/","og_site_name":"SHS-Protect by SHS","article_modified_time":"2025-03-08T19:07:50+00:00","og_image":[{"url":"http:\/\/shs-protect.com\/wp-content\/uploads\/2024\/11\/Nevtelen-terv-8-1024x1024.png","type":"","width":"","height":""}],"twitter_card":"summary_large_image","twitter_misc":{"Gesch\u00e4tzte Lesezeit":"1\u00a0Minute"},"schema":{"@context":"https:\/\/schema.org","@graph":[{"@type":"WebPage","@id":"https:\/\/shs-protect.com\/kapcsolat\/","url":"https:\/\/shs-protect.com\/kapcsolat\/","name":"Ansprechpartner - SHS-Protect by SHS","isPartOf":{"@id":"https:\/\/shs-protect.com\/#website"},"primaryImageOfPage":{"@id":"https:\/\/shs-protect.com\/kapcsolat\/#primaryimage"},"image":{"@id":"https:\/\/shs-protect.com\/kapcsolat\/#primaryimage"},"thumbnailUrl":"http:\/\/shs-protect.com\/wp-content\/uploads\/2024\/11\/Nevtelen-terv-8-1024x1024.png","datePublished":"2024-11-11T10:58:16+00:00","dateModified":"2025-03-08T19:07:50+00:00","breadcrumb":{"@id":"https:\/\/shs-protect.com\/kapcsolat\/#breadcrumb"},"inLanguage":"de","potentialAction":[{"@type":"ReadAction","target":["https:\/\/shs-protect.com\/kapcsolat\/"]}]},{"@type":"ImageObject","inLanguage":"de","@id":"https:\/\/shs-protect.com\/kapcsolat\/#primaryimage","url":"http:\/\/shs-protect.com\/wp-content\/uploads\/2024\/11\/Nevtelen-terv-8-1024x1024.png","contentUrl":"http:\/\/shs-protect.com\/wp-content\/uploads\/2024\/11\/Nevtelen-terv-8-1024x1024.png"},{"@type":"BreadcrumbList","@id":"https:\/\/shs-protect.com\/kapcsolat\/#breadcrumb","itemListElement":[{"@type":"ListItem","position":1,"name":"Kezd\u0151lap","item":"https:\/\/shs-protect.com\/"},{"@type":"ListItem","position":2,"name":"Kapcsolat"}]},{"@type":"WebSite","@id":"https:\/\/shs-protect.com\/#website","url":"https:\/\/shs-protect.com\/","name":"SHS-Schutz durch SHS","description":"Schaffen Sie Harmonie f\u00fcr sich selbst","publisher":{"@id":"https:\/\/shs-protect.com\/#organization"},"potentialAction":[{"@type":"SearchAction","target":{"@type":"EntryPoint","urlTemplate":"https:\/\/shs-protect.com\/?s={search_term_string}"},"query-input":{"@type":"PropertyValueSpecification","valueRequired":true,"valueName":"search_term_string"}}],"inLanguage":"de"},{"@type":"Organization","@id":"https:\/\/shs-protect.com\/#organization","name":"SHS-Schutz durch SHS","url":"https:\/\/shs-protect.com\/","logo":{"@type":"ImageObject","inLanguage":"de","@id":"https:\/\/shs-protect.com\/#\/schema\/logo\/image\/","url":"https:\/\/shs-protect.com\/wp-content\/uploads\/2024\/11\/2-5.png","contentUrl":"https:\/\/shs-protect.com\/wp-content\/uploads\/2024\/11\/2-5.png","width":388,"height":114,"caption":"SHS-Protect by SHS"},"image":{"@id":"https:\/\/shs-protect.com\/#\/schema\/logo\/image\/"}}]}},"_links":{"self":[{"href":"https:\/\/shs-protect.com\/de\/wp-json\/wp\/v2\/pages\/28","targetHints":{"allow":["GET"]}}],"collection":[{"href":"https:\/\/shs-protect.com\/de\/wp-json\/wp\/v2\/pages"}],"about":[{"href":"https:\/\/shs-protect.com\/de\/wp-json\/wp\/v2\/types\/page"}],"author":[{"embeddable":true,"href":"https:\/\/shs-protect.com\/de\/wp-json\/wp\/v2\/users\/1"}],"replies":[{"embeddable":true,"href":"https:\/\/shs-protect.com\/de\/wp-json\/wp\/v2\/comments?post=28"}],"version-history":[{"count":11,"href":"https:\/\/shs-protect.com\/de\/wp-json\/wp\/v2\/pages\/28\/revisions"}],"predecessor-version":[{"id":1204,"href":"https:\/\/shs-protect.com\/de\/wp-json\/wp\/v2\/pages\/28\/revisions\/1204"}],"wp:attachment":[{"href":"https:\/\/shs-protect.com\/de\/wp-json\/wp\/v2\/media?parent=28"}],"curies":[{"name":"wp","href":"https:\/\/api.w.org\/{rel}","templated":true}]}}