{"id":3,"date":"2024-02-15T11:34:36","date_gmt":"2024-02-15T11:34:36","guid":{"rendered":"http:\/\/shs-protect.com\/?page_id=3"},"modified":"2025-01-14T16:20:36","modified_gmt":"2025-01-14T16:20:36","slug":"adatvedelmi-nyilatkozat","status":"publish","type":"page","link":"https:\/\/shs-protect.com\/de\/adatvedelmi-nyilatkozat\/","title":{"rendered":"Erkl\u00e4rung zum Datenschutz"},"content":{"rendered":"<h2 class=\"wp-block-heading\">Wer wir sind<\/h2><p><strong class=\"privacy-policy-tutorial\">Vorgeschlagener Text: <\/strong>Unsere Website-Adresse lautet: http:\/\/shs-protect.com.<\/p><h2 class=\"wp-block-heading\">Kommentare<\/h2><p><strong class=\"privacy-policy-tutorial\">Vorgeschlagener Text: <\/strong>Wenn Besucher Kommentare auf der Website hinterlassen, erfassen wir die im Kommentarformular angezeigten Daten sowie die IP-Adresse des Besuchers und den User-Agent-String des Browsers, um die Spam-Erkennung zu erleichtern.<\/p><p>Eine anonymisierte Zeichenfolge, die aus Ihrer E-Mail-Adresse erstellt wird (auch Hash genannt), kann dem Gravatar-Dienst zur Verf\u00fcgung gestellt werden, um zu sehen, ob Sie ihn benutzen. Die Datenschutzbestimmungen des Gravatar-Dienstes finden Sie hier: https:\/\/automattic.com\/privacy\/. Nach der Genehmigung Ihres Kommentars ist Ihr Profilbild im Kontext Ihres Kommentars \u00f6ffentlich sichtbar.<\/p><h2 class=\"wp-block-heading\">Medien<\/h2><p><strong class=\"privacy-policy-tutorial\">Vorgeschlagener Text: <\/strong>Wenn Sie Bilder auf die Website hochladen, sollten Sie es vermeiden, Bilder mit eingebetteten Standortdaten (EXIF-GPS) hochzuladen, da die Besucher der Website alle Standortdaten von den Bildern auf der Website herunterladen und extrahieren k\u00f6nnen.<\/p><h2 class=\"wp-block-heading\">Cookies<\/h2><p><strong class=\"privacy-policy-tutorial\">Vorgeschlagener Text: <\/strong>Wenn Sie einen Kommentar auf unserer Website hinterlassen, k\u00f6nnen Sie sich damit einverstanden erkl\u00e4ren, dass Ihr Name, Ihre E-Mail-Adresse und Ihre Website in Cookies gespeichert werden, damit Sie Ihre Daten nicht erneut eingeben m\u00fcssen, wenn Sie einen weiteren Kommentar hinterlassen. Diese Cookies sind ein Jahr lang g\u00fcltig.<\/p><p>Wenn Sie unsere Login-Seite besuchen, setzen wir ein tempor\u00e4res Cookie, um festzustellen, ob Ihr Browser Cookies akzeptiert. Dieses Cookie enth\u00e4lt keine pers\u00f6nlichen Daten und wird gel\u00f6scht, wenn Sie Ihren Browser schlie\u00dfen.<\/p><p>Wenn Sie sich anmelden, legen wir au\u00dferdem mehrere Cookies an, um Ihre Anmeldeinformationen und Ihre Bildschirmoptionen zu speichern. Die Anmelde-Cookies bleiben zwei Tage lang bestehen, die Cookies f\u00fcr die Bildschirmoptionen ein Jahr lang. Wenn Sie die Option \"Merken\" w\u00e4hlen, bleibt Ihre Anmeldung zwei Wochen lang bestehen. Wenn Sie sich von Ihrem Konto abmelden, werden die Anmelde-Cookies entfernt.<\/p><p>Wenn Sie einen Artikel bearbeiten oder ver\u00f6ffentlichen, wird ein zus\u00e4tzliches Cookie in Ihrem Browser gespeichert. Dieses Cookie enth\u00e4lt keine pers\u00f6nlichen Daten und zeigt lediglich die Post-ID des Artikels an, den Sie gerade bearbeitet haben. Er verf\u00e4llt nach 1 Tag.<\/p><h2 class=\"wp-block-heading\">Eingebettete Inhalte von anderen Websites<\/h2><p><strong class=\"privacy-policy-tutorial\">Vorgeschlagener Text: <\/strong>Die Artikel auf dieser Website k\u00f6nnen eingebettete Inhalte (z. B. Videos, Bilder, Artikel usw.) enthalten. Eingebettete Inhalte von anderen Websites verhalten sich genau so, als ob der Besucher die andere Website besucht h\u00e4tte.<\/p><p>Diese Websites k\u00f6nnen Daten \u00fcber Sie sammeln, Cookies verwenden, zus\u00e4tzliche Trackingfunktionen von Dritten einbetten und Ihre Interaktion mit diesen eingebetteten Inhalten \u00fcberwachen, einschlie\u00dflich der Verfolgung Ihrer Interaktion mit den eingebetteten Inhalten, wenn Sie ein Konto haben und auf dieser Website angemeldet sind.<\/p><h2 class=\"wp-block-heading\">Mit wem wir Ihre Daten teilen<\/h2><p><strong class=\"privacy-policy-tutorial\">Vorgeschlagener Text: <\/strong>Wenn Sie ein neues Passwort anfordern, wird Ihre IP-Adresse in der E-Mail mit dem neuen Passwort angegeben.<\/p><h2 class=\"wp-block-heading\">Wie lange wir Ihre Daten aufbewahren<\/h2><p><strong class=\"privacy-policy-tutorial\">Vorgeschlagener Text: <\/strong>Wenn Sie einen Kommentar hinterlassen, werden der Kommentar und seine Metadaten auf unbestimmte Zeit gespeichert. Auf diese Weise k\u00f6nnen wir Folgekommentare automatisch erkennen und genehmigen, anstatt sie in einer Moderationswarteschlange zu halten.<\/p><p>F\u00fcr Benutzer, die sich auf unserer Website registrieren (falls vorhanden), speichern wir auch die pers\u00f6nlichen Daten, die sie in ihrem Benutzerprofil angeben. Alle Benutzer k\u00f6nnen ihre pers\u00f6nlichen Daten jederzeit einsehen, bearbeiten oder l\u00f6schen (au\u00dfer sie k\u00f6nnen ihren Benutzernamen nicht \u00e4ndern). Website-Administratoren k\u00f6nnen diese Daten ebenfalls einsehen und bearbeiten.<\/p><h2 class=\"wp-block-heading\">Welche Rechte Sie an Ihren Daten haben<\/h2><p><strong class=\"privacy-policy-tutorial\">Vorgeschlagener Text: <\/strong>Wenn Sie ein Konto auf dieser Website haben oder Kommentare hinterlassen haben, k\u00f6nnen Sie eine exportierte Datei der personenbezogenen Daten anfordern, die wir \u00fcber Sie gespeichert haben, einschlie\u00dflich aller Daten, die Sie uns zur Verf\u00fcgung gestellt haben. Sie k\u00f6nnen auch verlangen, dass wir alle personenbezogenen Daten l\u00f6schen, die wir \u00fcber Sie gespeichert haben. Davon ausgenommen sind Daten, die wir aus administrativen, rechtlichen oder Sicherheitsgr\u00fcnden aufbewahren m\u00fcssen.<\/p><h2 class=\"wp-block-heading\">Wohin Ihre Daten gesendet werden<\/h2><p><strong class=\"privacy-policy-tutorial\">Vorgeschlagener Text: <\/strong>Die Kommentare der Besucher k\u00f6nnen durch einen automatischen Spam-Erkennungsdienst \u00fcberpr\u00fcft werden.<\/p>","protected":false},"excerpt":{"rendered":"<p>Who we are Suggested text: Our website address is: http:\/\/shs-protect.com. Comments Suggested text: When visitors leave comments on the site we collect the data shown in the comments form, and also the visitor&#8217;s IP address and browser user agent string to help spam detection. An anonymized string created from your email address (also called a [&hellip;]<\/p>\n","protected":false},"author":1,"featured_media":0,"parent":0,"menu_order":0,"comment_status":"closed","ping_status":"closed","template":"","meta":{"footnotes":""},"class_list":["post-3","page","type-page","status-publish","hentry"],"yoast_head":"<!-- This site is optimized with the Yoast SEO plugin v27.4 - https:\/\/yoast.com\/product\/yoast-seo-wordpress\/ -->\n<title>Adatv\u00e9delmi nyilatkozat - SHS-Protect by SHS<\/title>\n<meta name=\"robots\" content=\"index, follow, max-snippet:-1, max-image-preview:large, max-video-preview:-1\" \/>\n<link rel=\"canonical\" href=\"https:\/\/shs-protect.com\/de\/adatvedelmi-nyilatkozat\/\" \/>\n<meta property=\"og:locale\" content=\"de_DE\" \/>\n<meta property=\"og:type\" content=\"article\" \/>\n<meta property=\"og:title\" content=\"Adatv\u00e9delmi nyilatkozat - SHS-Protect by SHS\" \/>\n<meta property=\"og:description\" content=\"Who we are Suggested text: Our website address is: http:\/\/shs-protect.com. Comments Suggested text: When visitors leave comments on the site we collect the data shown in the comments form, and also the visitor&#8217;s IP address and browser user agent string to help spam detection. An anonymized string created from your email address (also called a [&hellip;]\" \/>\n<meta property=\"og:url\" content=\"https:\/\/shs-protect.com\/de\/adatvedelmi-nyilatkozat\/\" \/>\n<meta property=\"og:site_name\" content=\"SHS-Protect by SHS\" \/>\n<meta property=\"article:modified_time\" content=\"2025-01-14T16:20:36+00:00\" \/>\n<meta name=\"twitter:card\" content=\"summary_large_image\" \/>\n<meta name=\"twitter:label1\" content=\"Gesch\u00e4tzte Lesezeit\" \/>\n\t<meta name=\"twitter:data1\" content=\"3\u00a0Minuten\" \/>\n<script type=\"application\/ld+json\" class=\"yoast-schema-graph\">{\"@context\":\"https:\\\/\\\/schema.org\",\"@graph\":[{\"@type\":\"WebPage\",\"@id\":\"https:\\\/\\\/shs-protect.com\\\/adatvedelmi-nyilatkozat\\\/\",\"url\":\"https:\\\/\\\/shs-protect.com\\\/adatvedelmi-nyilatkozat\\\/\",\"name\":\"Adatv\u00e9delmi nyilatkozat - SHS-Protect by SHS\",\"isPartOf\":{\"@id\":\"https:\\\/\\\/shs-protect.com\\\/#website\"},\"datePublished\":\"2024-02-15T11:34:36+00:00\",\"dateModified\":\"2025-01-14T16:20:36+00:00\",\"breadcrumb\":{\"@id\":\"https:\\\/\\\/shs-protect.com\\\/adatvedelmi-nyilatkozat\\\/#breadcrumb\"},\"inLanguage\":\"de\",\"potentialAction\":[{\"@type\":\"ReadAction\",\"target\":[\"https:\\\/\\\/shs-protect.com\\\/adatvedelmi-nyilatkozat\\\/\"]}]},{\"@type\":\"BreadcrumbList\",\"@id\":\"https:\\\/\\\/shs-protect.com\\\/adatvedelmi-nyilatkozat\\\/#breadcrumb\",\"itemListElement\":[{\"@type\":\"ListItem\",\"position\":1,\"name\":\"Kezd\u0151lap\",\"item\":\"https:\\\/\\\/shs-protect.com\\\/\"},{\"@type\":\"ListItem\",\"position\":2,\"name\":\"Adatv\u00e9delmi nyilatkozat\"}]},{\"@type\":\"WebSite\",\"@id\":\"https:\\\/\\\/shs-protect.com\\\/#website\",\"url\":\"https:\\\/\\\/shs-protect.com\\\/\",\"name\":\"SHS-Protect by SHS\",\"description\":\"Teremts Magadnak Harm\u00f3ni\u00e1t\",\"publisher\":{\"@id\":\"https:\\\/\\\/shs-protect.com\\\/#organization\"},\"potentialAction\":[{\"@type\":\"SearchAction\",\"target\":{\"@type\":\"EntryPoint\",\"urlTemplate\":\"https:\\\/\\\/shs-protect.com\\\/?s={search_term_string}\"},\"query-input\":{\"@type\":\"PropertyValueSpecification\",\"valueRequired\":true,\"valueName\":\"search_term_string\"}}],\"inLanguage\":\"de\"},{\"@type\":\"Organization\",\"@id\":\"https:\\\/\\\/shs-protect.com\\\/#organization\",\"name\":\"SHS-Protect by SHS\",\"url\":\"https:\\\/\\\/shs-protect.com\\\/\",\"logo\":{\"@type\":\"ImageObject\",\"inLanguage\":\"de\",\"@id\":\"https:\\\/\\\/shs-protect.com\\\/#\\\/schema\\\/logo\\\/image\\\/\",\"url\":\"https:\\\/\\\/shs-protect.com\\\/wp-content\\\/uploads\\\/2024\\\/11\\\/2-5.png\",\"contentUrl\":\"https:\\\/\\\/shs-protect.com\\\/wp-content\\\/uploads\\\/2024\\\/11\\\/2-5.png\",\"width\":388,\"height\":114,\"caption\":\"SHS-Protect by SHS\"},\"image\":{\"@id\":\"https:\\\/\\\/shs-protect.com\\\/#\\\/schema\\\/logo\\\/image\\\/\"}}]}<\/script>\n<!-- \/ Yoast SEO plugin. -->","yoast_head_json":{"title":"Adatv\u00e9delmi nyilatkozat - SHS-Protect by SHS","robots":{"index":"index","follow":"follow","max-snippet":"max-snippet:-1","max-image-preview":"max-image-preview:large","max-video-preview":"max-video-preview:-1"},"canonical":"https:\/\/shs-protect.com\/de\/adatvedelmi-nyilatkozat\/","og_locale":"de_DE","og_type":"article","og_title":"Adatv\u00e9delmi nyilatkozat - SHS-Protect by SHS","og_description":"Who we are Suggested text: Our website address is: http:\/\/shs-protect.com. Comments Suggested text: When visitors leave comments on the site we collect the data shown in the comments form, and also the visitor&#8217;s IP address and browser user agent string to help spam detection. An anonymized string created from your email address (also called a [&hellip;]","og_url":"https:\/\/shs-protect.com\/de\/adatvedelmi-nyilatkozat\/","og_site_name":"SHS-Protect by SHS","article_modified_time":"2025-01-14T16:20:36+00:00","twitter_card":"summary_large_image","twitter_misc":{"Gesch\u00e4tzte Lesezeit":"3\u00a0Minuten"},"schema":{"@context":"https:\/\/schema.org","@graph":[{"@type":"WebPage","@id":"https:\/\/shs-protect.com\/adatvedelmi-nyilatkozat\/","url":"https:\/\/shs-protect.com\/adatvedelmi-nyilatkozat\/","name":"Adatv\u00e9delmi nyilatkozat - SHS-Protect by SHS","isPartOf":{"@id":"https:\/\/shs-protect.com\/#website"},"datePublished":"2024-02-15T11:34:36+00:00","dateModified":"2025-01-14T16:20:36+00:00","breadcrumb":{"@id":"https:\/\/shs-protect.com\/adatvedelmi-nyilatkozat\/#breadcrumb"},"inLanguage":"de","potentialAction":[{"@type":"ReadAction","target":["https:\/\/shs-protect.com\/adatvedelmi-nyilatkozat\/"]}]},{"@type":"BreadcrumbList","@id":"https:\/\/shs-protect.com\/adatvedelmi-nyilatkozat\/#breadcrumb","itemListElement":[{"@type":"ListItem","position":1,"name":"Kezd\u0151lap","item":"https:\/\/shs-protect.com\/"},{"@type":"ListItem","position":2,"name":"Adatv\u00e9delmi nyilatkozat"}]},{"@type":"WebSite","@id":"https:\/\/shs-protect.com\/#website","url":"https:\/\/shs-protect.com\/","name":"SHS-Schutz durch SHS","description":"Schaffen Sie Harmonie f\u00fcr sich selbst","publisher":{"@id":"https:\/\/shs-protect.com\/#organization"},"potentialAction":[{"@type":"SearchAction","target":{"@type":"EntryPoint","urlTemplate":"https:\/\/shs-protect.com\/?s={search_term_string}"},"query-input":{"@type":"PropertyValueSpecification","valueRequired":true,"valueName":"search_term_string"}}],"inLanguage":"de"},{"@type":"Organization","@id":"https:\/\/shs-protect.com\/#organization","name":"SHS-Schutz durch SHS","url":"https:\/\/shs-protect.com\/","logo":{"@type":"ImageObject","inLanguage":"de","@id":"https:\/\/shs-protect.com\/#\/schema\/logo\/image\/","url":"https:\/\/shs-protect.com\/wp-content\/uploads\/2024\/11\/2-5.png","contentUrl":"https:\/\/shs-protect.com\/wp-content\/uploads\/2024\/11\/2-5.png","width":388,"height":114,"caption":"SHS-Protect by SHS"},"image":{"@id":"https:\/\/shs-protect.com\/#\/schema\/logo\/image\/"}}]}},"_links":{"self":[{"href":"https:\/\/shs-protect.com\/de\/wp-json\/wp\/v2\/pages\/3","targetHints":{"allow":["GET"]}}],"collection":[{"href":"https:\/\/shs-protect.com\/de\/wp-json\/wp\/v2\/pages"}],"about":[{"href":"https:\/\/shs-protect.com\/de\/wp-json\/wp\/v2\/types\/page"}],"author":[{"embeddable":true,"href":"https:\/\/shs-protect.com\/de\/wp-json\/wp\/v2\/users\/1"}],"replies":[{"embeddable":true,"href":"https:\/\/shs-protect.com\/de\/wp-json\/wp\/v2\/comments?post=3"}],"version-history":[{"count":2,"href":"https:\/\/shs-protect.com\/de\/wp-json\/wp\/v2\/pages\/3\/revisions"}],"predecessor-version":[{"id":1036,"href":"https:\/\/shs-protect.com\/de\/wp-json\/wp\/v2\/pages\/3\/revisions\/1036"}],"wp:attachment":[{"href":"https:\/\/shs-protect.com\/de\/wp-json\/wp\/v2\/media?parent=3"}],"curies":[{"name":"wp","href":"https:\/\/api.w.org\/{rel}","templated":true}]}}