{"id":226,"date":"2024-11-12T21:06:24","date_gmt":"2024-11-12T21:06:24","guid":{"rendered":"http:\/\/shs-protect.com\/?post_type=product&#038;p=226"},"modified":"2025-12-16T09:54:26","modified_gmt":"2025-12-16T09:54:26","slug":"shs-5g-protection-card","status":"publish","type":"product","link":"https:\/\/shs-protect.com\/de\/produkt\/shs-5g-protection-card\/","title":{"rendered":"SHS 5G Schutzkarte"},"content":{"rendered":"","protected":false},"excerpt":{"rendered":"<p><span style=\"font-weight: 400;\">Die perfekte L\u00f6sung, um 5G sch\u00e4dliche Strahlung stark zu reduzieren, idealer Schutz f\u00fcr Telefone, Laptops und iPads.<\/span><\/p>","protected":false},"featured_media":1226,"comment_status":"open","ping_status":"closed","template":"","meta":[],"product_brand":[],"product_cat":[15],"product_tag":[23],"class_list":{"0":"post-226","1":"product","2":"type-product","3":"status-publish","4":"has-post-thumbnail","6":"product_cat-egyeb","7":"product_tag-card","9":"first","10":"instock","11":"shipping-taxable","12":"purchasable","13":"product-type-variable"},"yoast_head":"<!-- This site is optimized with the Yoast SEO plugin v27.5 - https:\/\/yoast.com\/product\/yoast-seo-wordpress\/ -->\n<title>SHS 5G Protection Card - SHS-Protect by SHS<\/title>\n<meta name=\"robots\" content=\"index, follow, max-snippet:-1, max-image-preview:large, max-video-preview:-1\" \/>\n<link rel=\"canonical\" href=\"https:\/\/shs-protect.com\/de\/produkt\/shs-5g-protection-card\/\" \/>\n<meta property=\"og:locale\" content=\"de_DE\" \/>\n<meta property=\"og:type\" content=\"article\" \/>\n<meta property=\"og:title\" content=\"SHS 5G Protection Card - SHS-Protect by SHS\" \/>\n<meta property=\"og:description\" content=\"T\u00f6k\u00e9letes megold\u00e1s, a 5G k\u00e1ros sug\u00e1rz\u00e1s nagyfok\u00fa cs\u00f6kkent\u00e9s\u00e9re, ide\u00e1lis v\u00e9delem telefonok laptopok ipad-ek haszn\u00e1lat\u00e1hoz.\" \/>\n<meta property=\"og:url\" content=\"https:\/\/shs-protect.com\/de\/produkt\/shs-5g-protection-card\/\" \/>\n<meta property=\"og:site_name\" content=\"SHS-Protect by SHS\" \/>\n<meta property=\"article:modified_time\" content=\"2025-12-16T09:54:26+00:00\" \/>\n<meta property=\"og:image\" content=\"https:\/\/shs-protect.com\/wp-content\/uploads\/2024\/11\/1-4.png\" \/>\n\t<meta property=\"og:image:width\" content=\"2000\" \/>\n\t<meta property=\"og:image:height\" content=\"2000\" \/>\n\t<meta property=\"og:image:type\" content=\"image\/png\" \/>\n<meta name=\"twitter:card\" content=\"summary_large_image\" \/>\n<meta name=\"twitter:label1\" content=\"Gesch\u00e4tzte Lesezeit\" \/>\n\t<meta name=\"twitter:data1\" content=\"1\u00a0Minute\" \/>\n<script type=\"application\/ld+json\" class=\"yoast-schema-graph\">{\"@context\":\"https:\\\/\\\/schema.org\",\"@graph\":[{\"@type\":\"WebPage\",\"@id\":\"https:\\\/\\\/shs-protect.com\\\/termek\\\/shs-5g-protection-card\\\/\",\"url\":\"https:\\\/\\\/shs-protect.com\\\/termek\\\/shs-5g-protection-card\\\/\",\"name\":\"SHS 5G Protection Card - SHS-Protect by SHS\",\"isPartOf\":{\"@id\":\"https:\\\/\\\/shs-protect.com\\\/#website\"},\"primaryImageOfPage\":{\"@id\":\"https:\\\/\\\/shs-protect.com\\\/termek\\\/shs-5g-protection-card\\\/#primaryimage\"},\"image\":{\"@id\":\"https:\\\/\\\/shs-protect.com\\\/termek\\\/shs-5g-protection-card\\\/#primaryimage\"},\"thumbnailUrl\":\"https:\\\/\\\/shs-protect.com\\\/wp-content\\\/uploads\\\/2024\\\/11\\\/1-4.png\",\"datePublished\":\"2024-11-12T21:06:24+00:00\",\"dateModified\":\"2025-12-16T09:54:26+00:00\",\"breadcrumb\":{\"@id\":\"https:\\\/\\\/shs-protect.com\\\/termek\\\/shs-5g-protection-card\\\/#breadcrumb\"},\"inLanguage\":\"de\",\"potentialAction\":[{\"@type\":\"ReadAction\",\"target\":[\"https:\\\/\\\/shs-protect.com\\\/termek\\\/shs-5g-protection-card\\\/\"]}]},{\"@type\":\"ImageObject\",\"inLanguage\":\"de\",\"@id\":\"https:\\\/\\\/shs-protect.com\\\/termek\\\/shs-5g-protection-card\\\/#primaryimage\",\"url\":\"https:\\\/\\\/shs-protect.com\\\/wp-content\\\/uploads\\\/2024\\\/11\\\/1-4.png\",\"contentUrl\":\"https:\\\/\\\/shs-protect.com\\\/wp-content\\\/uploads\\\/2024\\\/11\\\/1-4.png\",\"width\":2000,\"height\":2000},{\"@type\":\"BreadcrumbList\",\"@id\":\"https:\\\/\\\/shs-protect.com\\\/termek\\\/shs-5g-protection-card\\\/#breadcrumb\",\"itemListElement\":[{\"@type\":\"ListItem\",\"position\":1,\"name\":\"Kezd\u0151lap\",\"item\":\"https:\\\/\\\/shs-protect.com\\\/\"},{\"@type\":\"ListItem\",\"position\":2,\"name\":\"Shop\",\"item\":\"https:\\\/\\\/shs-protect.com\\\/uzlet\\\/\"},{\"@type\":\"ListItem\",\"position\":3,\"name\":\"SHS 5G Protection Card\"}]},{\"@type\":\"WebSite\",\"@id\":\"https:\\\/\\\/shs-protect.com\\\/#website\",\"url\":\"https:\\\/\\\/shs-protect.com\\\/\",\"name\":\"SHS-Protect by SHS\",\"description\":\"Teremts Magadnak Harm\u00f3ni\u00e1t\",\"publisher\":{\"@id\":\"https:\\\/\\\/shs-protect.com\\\/#organization\"},\"potentialAction\":[{\"@type\":\"SearchAction\",\"target\":{\"@type\":\"EntryPoint\",\"urlTemplate\":\"https:\\\/\\\/shs-protect.com\\\/?s={search_term_string}\"},\"query-input\":{\"@type\":\"PropertyValueSpecification\",\"valueRequired\":true,\"valueName\":\"search_term_string\"}}],\"inLanguage\":\"de\"},{\"@type\":\"Organization\",\"@id\":\"https:\\\/\\\/shs-protect.com\\\/#organization\",\"name\":\"SHS-Protect by SHS\",\"url\":\"https:\\\/\\\/shs-protect.com\\\/\",\"logo\":{\"@type\":\"ImageObject\",\"inLanguage\":\"de\",\"@id\":\"https:\\\/\\\/shs-protect.com\\\/#\\\/schema\\\/logo\\\/image\\\/\",\"url\":\"https:\\\/\\\/shs-protect.com\\\/wp-content\\\/uploads\\\/2024\\\/11\\\/2-5.png\",\"contentUrl\":\"https:\\\/\\\/shs-protect.com\\\/wp-content\\\/uploads\\\/2024\\\/11\\\/2-5.png\",\"width\":388,\"height\":114,\"caption\":\"SHS-Protect by SHS\"},\"image\":{\"@id\":\"https:\\\/\\\/shs-protect.com\\\/#\\\/schema\\\/logo\\\/image\\\/\"}}]}<\/script>\n<!-- \/ Yoast SEO plugin. -->","yoast_head_json":{"title":"SHS 5G Schutzkarte - SHS-Protect von SHS","robots":{"index":"index","follow":"follow","max-snippet":"max-snippet:-1","max-image-preview":"max-image-preview:large","max-video-preview":"max-video-preview:-1"},"canonical":"https:\/\/shs-protect.com\/de\/produkt\/shs-5g-protection-card\/","og_locale":"de_DE","og_type":"article","og_title":"SHS 5G Protection Card - SHS-Protect by SHS","og_description":"T\u00f6k\u00e9letes megold\u00e1s, a 5G k\u00e1ros sug\u00e1rz\u00e1s nagyfok\u00fa cs\u00f6kkent\u00e9s\u00e9re, ide\u00e1lis v\u00e9delem telefonok laptopok ipad-ek haszn\u00e1lat\u00e1hoz.","og_url":"https:\/\/shs-protect.com\/de\/produkt\/shs-5g-protection-card\/","og_site_name":"SHS-Protect by SHS","article_modified_time":"2025-12-16T09:54:26+00:00","og_image":[{"width":2000,"height":2000,"url":"https:\/\/shs-protect.com\/wp-content\/uploads\/2024\/11\/1-4.png","type":"image\/png"}],"twitter_card":"summary_large_image","twitter_misc":{"Gesch\u00e4tzte Lesezeit":"1\u00a0Minute"},"schema":{"@context":"https:\/\/schema.org","@graph":[{"@type":"WebPage","@id":"https:\/\/shs-protect.com\/termek\/shs-5g-protection-card\/","url":"https:\/\/shs-protect.com\/termek\/shs-5g-protection-card\/","name":"SHS 5G Schutzkarte - SHS-Protect von SHS","isPartOf":{"@id":"https:\/\/shs-protect.com\/#website"},"primaryImageOfPage":{"@id":"https:\/\/shs-protect.com\/termek\/shs-5g-protection-card\/#primaryimage"},"image":{"@id":"https:\/\/shs-protect.com\/termek\/shs-5g-protection-card\/#primaryimage"},"thumbnailUrl":"https:\/\/shs-protect.com\/wp-content\/uploads\/2024\/11\/1-4.png","datePublished":"2024-11-12T21:06:24+00:00","dateModified":"2025-12-16T09:54:26+00:00","breadcrumb":{"@id":"https:\/\/shs-protect.com\/termek\/shs-5g-protection-card\/#breadcrumb"},"inLanguage":"de","potentialAction":[{"@type":"ReadAction","target":["https:\/\/shs-protect.com\/termek\/shs-5g-protection-card\/"]}]},{"@type":"ImageObject","inLanguage":"de","@id":"https:\/\/shs-protect.com\/termek\/shs-5g-protection-card\/#primaryimage","url":"https:\/\/shs-protect.com\/wp-content\/uploads\/2024\/11\/1-4.png","contentUrl":"https:\/\/shs-protect.com\/wp-content\/uploads\/2024\/11\/1-4.png","width":2000,"height":2000},{"@type":"BreadcrumbList","@id":"https:\/\/shs-protect.com\/termek\/shs-5g-protection-card\/#breadcrumb","itemListElement":[{"@type":"ListItem","position":1,"name":"Kezd\u0151lap","item":"https:\/\/shs-protect.com\/"},{"@type":"ListItem","position":2,"name":"Shop","item":"https:\/\/shs-protect.com\/uzlet\/"},{"@type":"ListItem","position":3,"name":"SHS 5G Protection Card"}]},{"@type":"WebSite","@id":"https:\/\/shs-protect.com\/#website","url":"https:\/\/shs-protect.com\/","name":"SHS-Schutz durch SHS","description":"Schaffen Sie Harmonie f\u00fcr sich selbst","publisher":{"@id":"https:\/\/shs-protect.com\/#organization"},"potentialAction":[{"@type":"SearchAction","target":{"@type":"EntryPoint","urlTemplate":"https:\/\/shs-protect.com\/?s={search_term_string}"},"query-input":{"@type":"PropertyValueSpecification","valueRequired":true,"valueName":"search_term_string"}}],"inLanguage":"de"},{"@type":"Organization","@id":"https:\/\/shs-protect.com\/#organization","name":"SHS-Schutz durch SHS","url":"https:\/\/shs-protect.com\/","logo":{"@type":"ImageObject","inLanguage":"de","@id":"https:\/\/shs-protect.com\/#\/schema\/logo\/image\/","url":"https:\/\/shs-protect.com\/wp-content\/uploads\/2024\/11\/2-5.png","contentUrl":"https:\/\/shs-protect.com\/wp-content\/uploads\/2024\/11\/2-5.png","width":388,"height":114,"caption":"SHS-Protect by SHS"},"image":{"@id":"https:\/\/shs-protect.com\/#\/schema\/logo\/image\/"}}]}},"_links":{"self":[{"href":"https:\/\/shs-protect.com\/de\/wp-json\/wp\/v2\/product\/226","targetHints":{"allow":["GET"]}}],"collection":[{"href":"https:\/\/shs-protect.com\/de\/wp-json\/wp\/v2\/product"}],"about":[{"href":"https:\/\/shs-protect.com\/de\/wp-json\/wp\/v2\/types\/product"}],"replies":[{"embeddable":true,"href":"https:\/\/shs-protect.com\/de\/wp-json\/wp\/v2\/comments?post=226"}],"version-history":[{"count":7,"href":"https:\/\/shs-protect.com\/de\/wp-json\/wp\/v2\/product\/226\/revisions"}],"predecessor-version":[{"id":1149,"href":"https:\/\/shs-protect.com\/de\/wp-json\/wp\/v2\/product\/226\/revisions\/1149"}],"wp:featuredmedia":[{"embeddable":true,"href":"https:\/\/shs-protect.com\/de\/wp-json\/wp\/v2\/media\/1226"}],"wp:attachment":[{"href":"https:\/\/shs-protect.com\/de\/wp-json\/wp\/v2\/media?parent=226"}],"wp:term":[{"taxonomy":"product_brand","embeddable":true,"href":"https:\/\/shs-protect.com\/de\/wp-json\/wp\/v2\/product_brand?post=226"},{"taxonomy":"product_cat","embeddable":true,"href":"https:\/\/shs-protect.com\/de\/wp-json\/wp\/v2\/product_cat?post=226"},{"taxonomy":"product_tag","embeddable":true,"href":"https:\/\/shs-protect.com\/de\/wp-json\/wp\/v2\/product_tag?post=226"}],"curies":[{"name":"wp","href":"https:\/\/api.w.org\/{rel}","templated":true}]}}