{"id":236,"date":"2024-11-12T21:10:50","date_gmt":"2024-11-12T21:10:50","guid":{"rendered":"http:\/\/shs-protect.com\/?post_type=product&#038;p=236"},"modified":"2025-03-08T12:38:51","modified_gmt":"2025-03-08T12:38:51","slug":"shs-mini-relax","status":"publish","type":"product","link":"https:\/\/shs-protect.com\/de\/produkt\/shs-mini-relax\/","title":{"rendered":"SHS Mini Relax"},"content":{"rendered":"<div>Typischerweise energetischer, lokaler Schutz. Reduziert die Gesundheitsrisiken durch elektromagnetische Strahlung. Er hat den Vorteil, dass er tragbar ist und \u00fcberall angebracht werden kann. Erh\u00e4ltlich im Schl\u00fcsselanh\u00e4nger-Design.<\/div>\n<p>Hochwertiger Spezial-Edelstahl, hergestellt mit einem Pr\u00e4zisionswerkzeug zur Oberfl\u00e4chenbehandlung, Oberfl\u00e4che lasergeh\u00e4rtet mit einer speziellen Technologie.<br \/>\nErh\u00e4ltlich in der Ausf\u00fchrung als Schl\u00fcsselanh\u00e4nger.<\/p>","protected":false},"excerpt":{"rendered":"<p><span style=\"font-weight: 400;\">Lokaler Schutz zur Verringerung der Gesundheitsrisiken durch elektromagnetische Strahlung. Schl\u00fcsselanh\u00e4nger-Design, Vorteil der Tragbarkeit, kann \u00fcberall platziert werden.\u00a0<\/span><\/p>","protected":false},"featured_media":696,"comment_status":"open","ping_status":"closed","template":"","meta":[],"product_brand":[],"product_cat":[15],"product_tag":[26],"class_list":{"0":"post-236","1":"product","2":"type-product","3":"status-publish","4":"has-post-thumbnail","6":"product_cat-egyeb","7":"product_tag-mini-relax","9":"first","10":"instock","11":"shipping-taxable","12":"purchasable","13":"product-type-simple"},"yoast_head":"<!-- This site is optimized with the Yoast SEO plugin v27.5 - https:\/\/yoast.com\/product\/yoast-seo-wordpress\/ -->\n<title>SHS Mini Relax - SHS-Protect by SHS<\/title>\n<meta name=\"robots\" content=\"index, follow, max-snippet:-1, max-image-preview:large, max-video-preview:-1\" \/>\n<link rel=\"canonical\" href=\"https:\/\/shs-protect.com\/de\/produkt\/shs-mini-relax\/\" \/>\n<meta property=\"og:locale\" content=\"de_DE\" \/>\n<meta property=\"og:type\" content=\"article\" \/>\n<meta property=\"og:title\" content=\"SHS Mini Relax - SHS-Protect by SHS\" \/>\n<meta property=\"og:description\" content=\"Lok\u00e1lis v\u00e9delem az elektrom\u00e1gneses sug\u00e1rz\u00e1sok eg\u00e9szs\u00e9gi kock\u00e1zatainak cs\u00f6kkent\u00e9s\u00e9re. Kulcstart\u00f3 diz\u00e1jn, el\u0151nye hogy hordozhat\u00f3, b\u00e1rhol elhelyezhet\u0151.\u00a0\" \/>\n<meta property=\"og:url\" content=\"https:\/\/shs-protect.com\/de\/produkt\/shs-mini-relax\/\" \/>\n<meta property=\"og:site_name\" content=\"SHS-Protect by SHS\" \/>\n<meta property=\"article:modified_time\" content=\"2025-03-08T12:38:51+00:00\" \/>\n<meta property=\"og:image\" content=\"https:\/\/shs-protect.com\/wp-content\/uploads\/2024\/12\/4.png\" \/>\n\t<meta property=\"og:image:width\" content=\"500\" \/>\n\t<meta property=\"og:image:height\" content=\"500\" \/>\n\t<meta property=\"og:image:type\" content=\"image\/png\" \/>\n<meta name=\"twitter:card\" content=\"summary_large_image\" \/>\n<script type=\"application\/ld+json\" class=\"yoast-schema-graph\">{\"@context\":\"https:\\\/\\\/schema.org\",\"@graph\":[{\"@type\":\"WebPage\",\"@id\":\"https:\\\/\\\/shs-protect.com\\\/termek\\\/shs-mini-relax\\\/\",\"url\":\"https:\\\/\\\/shs-protect.com\\\/termek\\\/shs-mini-relax\\\/\",\"name\":\"SHS Mini Relax - SHS-Protect by SHS\",\"isPartOf\":{\"@id\":\"https:\\\/\\\/shs-protect.com\\\/#website\"},\"primaryImageOfPage\":{\"@id\":\"https:\\\/\\\/shs-protect.com\\\/termek\\\/shs-mini-relax\\\/#primaryimage\"},\"image\":{\"@id\":\"https:\\\/\\\/shs-protect.com\\\/termek\\\/shs-mini-relax\\\/#primaryimage\"},\"thumbnailUrl\":\"https:\\\/\\\/shs-protect.com\\\/wp-content\\\/uploads\\\/2024\\\/12\\\/4.png\",\"datePublished\":\"2024-11-12T21:10:50+00:00\",\"dateModified\":\"2025-03-08T12:38:51+00:00\",\"breadcrumb\":{\"@id\":\"https:\\\/\\\/shs-protect.com\\\/termek\\\/shs-mini-relax\\\/#breadcrumb\"},\"inLanguage\":\"de\",\"potentialAction\":[{\"@type\":\"ReadAction\",\"target\":[\"https:\\\/\\\/shs-protect.com\\\/termek\\\/shs-mini-relax\\\/\"]}]},{\"@type\":\"ImageObject\",\"inLanguage\":\"de\",\"@id\":\"https:\\\/\\\/shs-protect.com\\\/termek\\\/shs-mini-relax\\\/#primaryimage\",\"url\":\"https:\\\/\\\/shs-protect.com\\\/wp-content\\\/uploads\\\/2024\\\/12\\\/4.png\",\"contentUrl\":\"https:\\\/\\\/shs-protect.com\\\/wp-content\\\/uploads\\\/2024\\\/12\\\/4.png\",\"width\":500,\"height\":500},{\"@type\":\"BreadcrumbList\",\"@id\":\"https:\\\/\\\/shs-protect.com\\\/termek\\\/shs-mini-relax\\\/#breadcrumb\",\"itemListElement\":[{\"@type\":\"ListItem\",\"position\":1,\"name\":\"Kezd\u0151lap\",\"item\":\"https:\\\/\\\/shs-protect.com\\\/\"},{\"@type\":\"ListItem\",\"position\":2,\"name\":\"Shop\",\"item\":\"https:\\\/\\\/shs-protect.com\\\/uzlet\\\/\"},{\"@type\":\"ListItem\",\"position\":3,\"name\":\"SHS Mini Relax\"}]},{\"@type\":\"WebSite\",\"@id\":\"https:\\\/\\\/shs-protect.com\\\/#website\",\"url\":\"https:\\\/\\\/shs-protect.com\\\/\",\"name\":\"SHS-Protect by SHS\",\"description\":\"Teremts Magadnak Harm\u00f3ni\u00e1t\",\"publisher\":{\"@id\":\"https:\\\/\\\/shs-protect.com\\\/#organization\"},\"potentialAction\":[{\"@type\":\"SearchAction\",\"target\":{\"@type\":\"EntryPoint\",\"urlTemplate\":\"https:\\\/\\\/shs-protect.com\\\/?s={search_term_string}\"},\"query-input\":{\"@type\":\"PropertyValueSpecification\",\"valueRequired\":true,\"valueName\":\"search_term_string\"}}],\"inLanguage\":\"de\"},{\"@type\":\"Organization\",\"@id\":\"https:\\\/\\\/shs-protect.com\\\/#organization\",\"name\":\"SHS-Protect by SHS\",\"url\":\"https:\\\/\\\/shs-protect.com\\\/\",\"logo\":{\"@type\":\"ImageObject\",\"inLanguage\":\"de\",\"@id\":\"https:\\\/\\\/shs-protect.com\\\/#\\\/schema\\\/logo\\\/image\\\/\",\"url\":\"https:\\\/\\\/shs-protect.com\\\/wp-content\\\/uploads\\\/2024\\\/11\\\/2-5.png\",\"contentUrl\":\"https:\\\/\\\/shs-protect.com\\\/wp-content\\\/uploads\\\/2024\\\/11\\\/2-5.png\",\"width\":388,\"height\":114,\"caption\":\"SHS-Protect by SHS\"},\"image\":{\"@id\":\"https:\\\/\\\/shs-protect.com\\\/#\\\/schema\\\/logo\\\/image\\\/\"}}]}<\/script>\n<!-- \/ Yoast SEO plugin. -->","yoast_head_json":{"title":"SHS Mini Relax - SHS-Protect by SHS","robots":{"index":"index","follow":"follow","max-snippet":"max-snippet:-1","max-image-preview":"max-image-preview:large","max-video-preview":"max-video-preview:-1"},"canonical":"https:\/\/shs-protect.com\/de\/produkt\/shs-mini-relax\/","og_locale":"de_DE","og_type":"article","og_title":"SHS Mini Relax - SHS-Protect by SHS","og_description":"Lok\u00e1lis v\u00e9delem az elektrom\u00e1gneses sug\u00e1rz\u00e1sok eg\u00e9szs\u00e9gi kock\u00e1zatainak cs\u00f6kkent\u00e9s\u00e9re. Kulcstart\u00f3 diz\u00e1jn, el\u0151nye hogy hordozhat\u00f3, b\u00e1rhol elhelyezhet\u0151.\u00a0","og_url":"https:\/\/shs-protect.com\/de\/produkt\/shs-mini-relax\/","og_site_name":"SHS-Protect by SHS","article_modified_time":"2025-03-08T12:38:51+00:00","og_image":[{"width":500,"height":500,"url":"https:\/\/shs-protect.com\/wp-content\/uploads\/2024\/12\/4.png","type":"image\/png"}],"twitter_card":"summary_large_image","schema":{"@context":"https:\/\/schema.org","@graph":[{"@type":"WebPage","@id":"https:\/\/shs-protect.com\/termek\/shs-mini-relax\/","url":"https:\/\/shs-protect.com\/termek\/shs-mini-relax\/","name":"SHS Mini Relax - SHS-Protect by SHS","isPartOf":{"@id":"https:\/\/shs-protect.com\/#website"},"primaryImageOfPage":{"@id":"https:\/\/shs-protect.com\/termek\/shs-mini-relax\/#primaryimage"},"image":{"@id":"https:\/\/shs-protect.com\/termek\/shs-mini-relax\/#primaryimage"},"thumbnailUrl":"https:\/\/shs-protect.com\/wp-content\/uploads\/2024\/12\/4.png","datePublished":"2024-11-12T21:10:50+00:00","dateModified":"2025-03-08T12:38:51+00:00","breadcrumb":{"@id":"https:\/\/shs-protect.com\/termek\/shs-mini-relax\/#breadcrumb"},"inLanguage":"de","potentialAction":[{"@type":"ReadAction","target":["https:\/\/shs-protect.com\/termek\/shs-mini-relax\/"]}]},{"@type":"ImageObject","inLanguage":"de","@id":"https:\/\/shs-protect.com\/termek\/shs-mini-relax\/#primaryimage","url":"https:\/\/shs-protect.com\/wp-content\/uploads\/2024\/12\/4.png","contentUrl":"https:\/\/shs-protect.com\/wp-content\/uploads\/2024\/12\/4.png","width":500,"height":500},{"@type":"BreadcrumbList","@id":"https:\/\/shs-protect.com\/termek\/shs-mini-relax\/#breadcrumb","itemListElement":[{"@type":"ListItem","position":1,"name":"Kezd\u0151lap","item":"https:\/\/shs-protect.com\/"},{"@type":"ListItem","position":2,"name":"Shop","item":"https:\/\/shs-protect.com\/uzlet\/"},{"@type":"ListItem","position":3,"name":"SHS Mini Relax"}]},{"@type":"WebSite","@id":"https:\/\/shs-protect.com\/#website","url":"https:\/\/shs-protect.com\/","name":"SHS-Schutz durch SHS","description":"Schaffen Sie Harmonie f\u00fcr sich selbst","publisher":{"@id":"https:\/\/shs-protect.com\/#organization"},"potentialAction":[{"@type":"SearchAction","target":{"@type":"EntryPoint","urlTemplate":"https:\/\/shs-protect.com\/?s={search_term_string}"},"query-input":{"@type":"PropertyValueSpecification","valueRequired":true,"valueName":"search_term_string"}}],"inLanguage":"de"},{"@type":"Organization","@id":"https:\/\/shs-protect.com\/#organization","name":"SHS-Schutz durch SHS","url":"https:\/\/shs-protect.com\/","logo":{"@type":"ImageObject","inLanguage":"de","@id":"https:\/\/shs-protect.com\/#\/schema\/logo\/image\/","url":"https:\/\/shs-protect.com\/wp-content\/uploads\/2024\/11\/2-5.png","contentUrl":"https:\/\/shs-protect.com\/wp-content\/uploads\/2024\/11\/2-5.png","width":388,"height":114,"caption":"SHS-Protect by SHS"},"image":{"@id":"https:\/\/shs-protect.com\/#\/schema\/logo\/image\/"}}]}},"_links":{"self":[{"href":"https:\/\/shs-protect.com\/de\/wp-json\/wp\/v2\/product\/236","targetHints":{"allow":["GET"]}}],"collection":[{"href":"https:\/\/shs-protect.com\/de\/wp-json\/wp\/v2\/product"}],"about":[{"href":"https:\/\/shs-protect.com\/de\/wp-json\/wp\/v2\/types\/product"}],"replies":[{"embeddable":true,"href":"https:\/\/shs-protect.com\/de\/wp-json\/wp\/v2\/comments?post=236"}],"version-history":[{"count":5,"href":"https:\/\/shs-protect.com\/de\/wp-json\/wp\/v2\/product\/236\/revisions"}],"predecessor-version":[{"id":1141,"href":"https:\/\/shs-protect.com\/de\/wp-json\/wp\/v2\/product\/236\/revisions\/1141"}],"wp:featuredmedia":[{"embeddable":true,"href":"https:\/\/shs-protect.com\/de\/wp-json\/wp\/v2\/media\/696"}],"wp:attachment":[{"href":"https:\/\/shs-protect.com\/de\/wp-json\/wp\/v2\/media?parent=236"}],"wp:term":[{"taxonomy":"product_brand","embeddable":true,"href":"https:\/\/shs-protect.com\/de\/wp-json\/wp\/v2\/product_brand?post=236"},{"taxonomy":"product_cat","embeddable":true,"href":"https:\/\/shs-protect.com\/de\/wp-json\/wp\/v2\/product_cat?post=236"},{"taxonomy":"product_tag","embeddable":true,"href":"https:\/\/shs-protect.com\/de\/wp-json\/wp\/v2\/product_tag?post=236"}],"curies":[{"name":"wp","href":"https:\/\/api.w.org\/{rel}","templated":true}]}}