{"id":232,"date":"2024-11-12T21:07:52","date_gmt":"2024-11-12T21:07:52","guid":{"rendered":"http:\/\/shs-protect.com\/?post_type=product&#038;p=232"},"modified":"2025-03-08T12:39:32","modified_gmt":"2025-03-08T12:39:32","slug":"shs-car-protection","status":"publish","type":"product","link":"https:\/\/shs-protect.com\/en\/product\/shs-car-protection\/","title":{"rendered":"SHS Car Protection"},"content":{"rendered":"","protected":false},"excerpt":{"rendered":"<p>Unique protection against radiation inside cars, trucks and other vehicles.<\/p>","protected":false},"featured_media":763,"comment_status":"open","ping_status":"closed","template":"","meta":[],"product_brand":[],"product_cat":[15],"product_tag":[24],"class_list":{"0":"post-232","1":"product","2":"type-product","3":"status-publish","4":"has-post-thumbnail","6":"product_cat-egyeb","7":"product_tag-car","9":"first","10":"instock","11":"shipping-taxable","12":"purchasable","13":"product-type-simple"},"yoast_head":"<!-- This site is optimized with the Yoast SEO plugin v27.5 - https:\/\/yoast.com\/product\/yoast-seo-wordpress\/ -->\n<title>SHS Car Protection - SHS-Protect by SHS<\/title>\n<meta name=\"robots\" content=\"index, follow, max-snippet:-1, max-image-preview:large, max-video-preview:-1\" \/>\n<link rel=\"canonical\" href=\"https:\/\/shs-protect.com\/en\/product\/shs-car-protection\/\" \/>\n<meta property=\"og:locale\" content=\"en_US\" \/>\n<meta property=\"og:type\" content=\"article\" \/>\n<meta property=\"og:title\" content=\"SHS Car Protection - SHS-Protect by SHS\" \/>\n<meta property=\"og:description\" content=\"Egyed\u00fcl\u00e1ll\u00f3 v\u00e9delem, amely a sug\u00e1rz\u00e1s ellen ny\u00fajt v\u00e9delmet aut\u00f3k, teheraut\u00f3k \u00e9s egy\u00e9b j\u00e1rm\u0171vek belter\u00e9ben.\" \/>\n<meta property=\"og:url\" content=\"https:\/\/shs-protect.com\/en\/product\/shs-car-protection\/\" \/>\n<meta property=\"og:site_name\" content=\"SHS-Protect by SHS\" \/>\n<meta property=\"article:modified_time\" content=\"2025-03-08T12:39:32+00:00\" \/>\n<meta property=\"og:image\" content=\"https:\/\/shs-protect.com\/wp-content\/uploads\/2024\/11\/shs.png\" \/>\n\t<meta property=\"og:image:width\" content=\"500\" \/>\n\t<meta property=\"og:image:height\" content=\"500\" \/>\n\t<meta property=\"og:image:type\" content=\"image\/png\" \/>\n<meta name=\"twitter:card\" content=\"summary_large_image\" \/>\n<script type=\"application\/ld+json\" class=\"yoast-schema-graph\">{\"@context\":\"https:\\\/\\\/schema.org\",\"@graph\":[{\"@type\":\"WebPage\",\"@id\":\"https:\\\/\\\/shs-protect.com\\\/termek\\\/shs-car-protection\\\/\",\"url\":\"https:\\\/\\\/shs-protect.com\\\/termek\\\/shs-car-protection\\\/\",\"name\":\"SHS Car Protection - SHS-Protect by SHS\",\"isPartOf\":{\"@id\":\"https:\\\/\\\/shs-protect.com\\\/#website\"},\"primaryImageOfPage\":{\"@id\":\"https:\\\/\\\/shs-protect.com\\\/termek\\\/shs-car-protection\\\/#primaryimage\"},\"image\":{\"@id\":\"https:\\\/\\\/shs-protect.com\\\/termek\\\/shs-car-protection\\\/#primaryimage\"},\"thumbnailUrl\":\"https:\\\/\\\/shs-protect.com\\\/wp-content\\\/uploads\\\/2024\\\/11\\\/shs.png\",\"datePublished\":\"2024-11-12T21:07:52+00:00\",\"dateModified\":\"2025-03-08T12:39:32+00:00\",\"breadcrumb\":{\"@id\":\"https:\\\/\\\/shs-protect.com\\\/termek\\\/shs-car-protection\\\/#breadcrumb\"},\"inLanguage\":\"en-US\",\"potentialAction\":[{\"@type\":\"ReadAction\",\"target\":[\"https:\\\/\\\/shs-protect.com\\\/termek\\\/shs-car-protection\\\/\"]}]},{\"@type\":\"ImageObject\",\"inLanguage\":\"en-US\",\"@id\":\"https:\\\/\\\/shs-protect.com\\\/termek\\\/shs-car-protection\\\/#primaryimage\",\"url\":\"https:\\\/\\\/shs-protect.com\\\/wp-content\\\/uploads\\\/2024\\\/11\\\/shs.png\",\"contentUrl\":\"https:\\\/\\\/shs-protect.com\\\/wp-content\\\/uploads\\\/2024\\\/11\\\/shs.png\",\"width\":500,\"height\":500},{\"@type\":\"BreadcrumbList\",\"@id\":\"https:\\\/\\\/shs-protect.com\\\/termek\\\/shs-car-protection\\\/#breadcrumb\",\"itemListElement\":[{\"@type\":\"ListItem\",\"position\":1,\"name\":\"Kezd\u0151lap\",\"item\":\"https:\\\/\\\/shs-protect.com\\\/\"},{\"@type\":\"ListItem\",\"position\":2,\"name\":\"Shop\",\"item\":\"https:\\\/\\\/shs-protect.com\\\/uzlet\\\/\"},{\"@type\":\"ListItem\",\"position\":3,\"name\":\"SHS Car Protection\"}]},{\"@type\":\"WebSite\",\"@id\":\"https:\\\/\\\/shs-protect.com\\\/#website\",\"url\":\"https:\\\/\\\/shs-protect.com\\\/\",\"name\":\"SHS-Protect by SHS\",\"description\":\"Teremts Magadnak Harm\u00f3ni\u00e1t\",\"publisher\":{\"@id\":\"https:\\\/\\\/shs-protect.com\\\/#organization\"},\"potentialAction\":[{\"@type\":\"SearchAction\",\"target\":{\"@type\":\"EntryPoint\",\"urlTemplate\":\"https:\\\/\\\/shs-protect.com\\\/?s={search_term_string}\"},\"query-input\":{\"@type\":\"PropertyValueSpecification\",\"valueRequired\":true,\"valueName\":\"search_term_string\"}}],\"inLanguage\":\"en-US\"},{\"@type\":\"Organization\",\"@id\":\"https:\\\/\\\/shs-protect.com\\\/#organization\",\"name\":\"SHS-Protect by SHS\",\"url\":\"https:\\\/\\\/shs-protect.com\\\/\",\"logo\":{\"@type\":\"ImageObject\",\"inLanguage\":\"en-US\",\"@id\":\"https:\\\/\\\/shs-protect.com\\\/#\\\/schema\\\/logo\\\/image\\\/\",\"url\":\"https:\\\/\\\/shs-protect.com\\\/wp-content\\\/uploads\\\/2024\\\/11\\\/2-5.png\",\"contentUrl\":\"https:\\\/\\\/shs-protect.com\\\/wp-content\\\/uploads\\\/2024\\\/11\\\/2-5.png\",\"width\":388,\"height\":114,\"caption\":\"SHS-Protect by SHS\"},\"image\":{\"@id\":\"https:\\\/\\\/shs-protect.com\\\/#\\\/schema\\\/logo\\\/image\\\/\"}}]}<\/script>\n<!-- \/ Yoast SEO plugin. -->","yoast_head_json":{"title":"SHS Car Protection - SHS-Protect by SHS","robots":{"index":"index","follow":"follow","max-snippet":"max-snippet:-1","max-image-preview":"max-image-preview:large","max-video-preview":"max-video-preview:-1"},"canonical":"https:\/\/shs-protect.com\/en\/product\/shs-car-protection\/","og_locale":"en_US","og_type":"article","og_title":"SHS Car Protection - SHS-Protect by SHS","og_description":"Egyed\u00fcl\u00e1ll\u00f3 v\u00e9delem, amely a sug\u00e1rz\u00e1s ellen ny\u00fajt v\u00e9delmet aut\u00f3k, teheraut\u00f3k \u00e9s egy\u00e9b j\u00e1rm\u0171vek belter\u00e9ben.","og_url":"https:\/\/shs-protect.com\/en\/product\/shs-car-protection\/","og_site_name":"SHS-Protect by SHS","article_modified_time":"2025-03-08T12:39:32+00:00","og_image":[{"width":500,"height":500,"url":"https:\/\/shs-protect.com\/wp-content\/uploads\/2024\/11\/shs.png","type":"image\/png"}],"twitter_card":"summary_large_image","schema":{"@context":"https:\/\/schema.org","@graph":[{"@type":"WebPage","@id":"https:\/\/shs-protect.com\/termek\/shs-car-protection\/","url":"https:\/\/shs-protect.com\/termek\/shs-car-protection\/","name":"SHS Car Protection - SHS-Protect by SHS","isPartOf":{"@id":"https:\/\/shs-protect.com\/#website"},"primaryImageOfPage":{"@id":"https:\/\/shs-protect.com\/termek\/shs-car-protection\/#primaryimage"},"image":{"@id":"https:\/\/shs-protect.com\/termek\/shs-car-protection\/#primaryimage"},"thumbnailUrl":"https:\/\/shs-protect.com\/wp-content\/uploads\/2024\/11\/shs.png","datePublished":"2024-11-12T21:07:52+00:00","dateModified":"2025-03-08T12:39:32+00:00","breadcrumb":{"@id":"https:\/\/shs-protect.com\/termek\/shs-car-protection\/#breadcrumb"},"inLanguage":"en-US","potentialAction":[{"@type":"ReadAction","target":["https:\/\/shs-protect.com\/termek\/shs-car-protection\/"]}]},{"@type":"ImageObject","inLanguage":"en-US","@id":"https:\/\/shs-protect.com\/termek\/shs-car-protection\/#primaryimage","url":"https:\/\/shs-protect.com\/wp-content\/uploads\/2024\/11\/shs.png","contentUrl":"https:\/\/shs-protect.com\/wp-content\/uploads\/2024\/11\/shs.png","width":500,"height":500},{"@type":"BreadcrumbList","@id":"https:\/\/shs-protect.com\/termek\/shs-car-protection\/#breadcrumb","itemListElement":[{"@type":"ListItem","position":1,"name":"Kezd\u0151lap","item":"https:\/\/shs-protect.com\/"},{"@type":"ListItem","position":2,"name":"Shop","item":"https:\/\/shs-protect.com\/uzlet\/"},{"@type":"ListItem","position":3,"name":"SHS Car Protection"}]},{"@type":"WebSite","@id":"https:\/\/shs-protect.com\/#website","url":"https:\/\/shs-protect.com\/","name":"SHS-Protect by SHS","description":"Create Harmony for Yourself","publisher":{"@id":"https:\/\/shs-protect.com\/#organization"},"potentialAction":[{"@type":"SearchAction","target":{"@type":"EntryPoint","urlTemplate":"https:\/\/shs-protect.com\/?s={search_term_string}"},"query-input":{"@type":"PropertyValueSpecification","valueRequired":true,"valueName":"search_term_string"}}],"inLanguage":"en-US"},{"@type":"Organization","@id":"https:\/\/shs-protect.com\/#organization","name":"SHS-Protect by SHS","url":"https:\/\/shs-protect.com\/","logo":{"@type":"ImageObject","inLanguage":"en-US","@id":"https:\/\/shs-protect.com\/#\/schema\/logo\/image\/","url":"https:\/\/shs-protect.com\/wp-content\/uploads\/2024\/11\/2-5.png","contentUrl":"https:\/\/shs-protect.com\/wp-content\/uploads\/2024\/11\/2-5.png","width":388,"height":114,"caption":"SHS-Protect by SHS"},"image":{"@id":"https:\/\/shs-protect.com\/#\/schema\/logo\/image\/"}}]}},"_links":{"self":[{"href":"https:\/\/shs-protect.com\/en\/wp-json\/wp\/v2\/product\/232","targetHints":{"allow":["GET"]}}],"collection":[{"href":"https:\/\/shs-protect.com\/en\/wp-json\/wp\/v2\/product"}],"about":[{"href":"https:\/\/shs-protect.com\/en\/wp-json\/wp\/v2\/types\/product"}],"replies":[{"embeddable":true,"href":"https:\/\/shs-protect.com\/en\/wp-json\/wp\/v2\/comments?post=232"}],"version-history":[{"count":6,"href":"https:\/\/shs-protect.com\/en\/wp-json\/wp\/v2\/product\/232\/revisions"}],"predecessor-version":[{"id":1145,"href":"https:\/\/shs-protect.com\/en\/wp-json\/wp\/v2\/product\/232\/revisions\/1145"}],"wp:featuredmedia":[{"embeddable":true,"href":"https:\/\/shs-protect.com\/en\/wp-json\/wp\/v2\/media\/763"}],"wp:attachment":[{"href":"https:\/\/shs-protect.com\/en\/wp-json\/wp\/v2\/media?parent=232"}],"wp:term":[{"taxonomy":"product_brand","embeddable":true,"href":"https:\/\/shs-protect.com\/en\/wp-json\/wp\/v2\/product_brand?post=232"},{"taxonomy":"product_cat","embeddable":true,"href":"https:\/\/shs-protect.com\/en\/wp-json\/wp\/v2\/product_cat?post=232"},{"taxonomy":"product_tag","embeddable":true,"href":"https:\/\/shs-protect.com\/en\/wp-json\/wp\/v2\/product_tag?post=232"}],"curies":[{"name":"wp","href":"https:\/\/api.w.org\/{rel}","templated":true}]}}