{"id":234,"date":"2024-11-12T21:08:41","date_gmt":"2024-11-12T21:08:41","guid":{"rendered":"http:\/\/shs-protect.com\/?post_type=product&#038;p=234"},"modified":"2025-03-08T12:38:58","modified_gmt":"2025-03-08T12:38:58","slug":"shs-relax","status":"publish","type":"product","link":"https:\/\/shs-protect.com\/en\/product\/shs-relax\/","title":{"rendered":"SHS Relax"},"content":{"rendered":"<div>Typically energetic, localised protection that we place under our bed. It reduces the health risks of electromagnetic radiation. It has the advantage of being portable when travelling and can be placed in a hotel room.<\/div>\n<div>\n<div dir=\"auto\">In our product development, we have placed particular emphasis on protecting functional spaces such as living rooms and bedrooms. These are the environments where we spend most of our time and, ideally, the body's relaxation is further enhanced by a balanced environment. The quality of sleep is continuously improved with SHS Relax.<\/div>\n<div dir=\"auto\"><\/div>\n<div dir=\"auto\">High clarity, wear resistant, chrome steel, laser engraved design.<\/div>\n<\/div>","protected":false},"excerpt":{"rendered":"<p>It is designed to create a calm and radiation-free space that contributes to better sleep and physical and mental relaxation.<\/p>","protected":false},"featured_media":697,"comment_status":"open","ping_status":"closed","template":"","meta":[],"product_brand":[],"product_cat":[15],"product_tag":[25],"class_list":{"0":"post-234","1":"product","2":"type-product","3":"status-publish","4":"has-post-thumbnail","6":"product_cat-egyeb","7":"product_tag-relax","9":"first","10":"instock","11":"shipping-taxable","12":"purchasable","13":"product-type-simple"},"yoast_head":"<!-- This site is optimized with the Yoast SEO plugin v27.4 - https:\/\/yoast.com\/product\/yoast-seo-wordpress\/ -->\n<title>SHS Relax - SHS-Protect by SHS<\/title>\n<meta name=\"robots\" content=\"index, follow, max-snippet:-1, max-image-preview:large, max-video-preview:-1\" \/>\n<link rel=\"canonical\" href=\"https:\/\/shs-protect.com\/en\/product\/shs-relax\/\" \/>\n<meta property=\"og:locale\" content=\"en_US\" \/>\n<meta property=\"og:type\" content=\"article\" \/>\n<meta property=\"og:title\" content=\"SHS Relax - SHS-Protect by SHS\" \/>\n<meta property=\"og:description\" content=\"Nyugodt \u00e9s sug\u00e1rz\u00e1smentes t\u00e9r kialak\u00edt\u00e1s\u00e1ra szolg\u00e1l, amely hozz\u00e1j\u00e1rul a jobb alv\u00e1shoz \u00e9s a testi-lelki pihen\u00e9shez.\" \/>\n<meta property=\"og:url\" content=\"https:\/\/shs-protect.com\/en\/product\/shs-relax\/\" \/>\n<meta property=\"og:site_name\" content=\"SHS-Protect by SHS\" \/>\n<meta property=\"article:modified_time\" content=\"2025-03-08T12:38:58+00:00\" \/>\n<meta property=\"og:image\" content=\"https:\/\/shs-protect.com\/wp-content\/uploads\/2024\/12\/5.png\" \/>\n\t<meta property=\"og:image:width\" content=\"500\" \/>\n\t<meta property=\"og:image:height\" content=\"500\" \/>\n\t<meta property=\"og:image:type\" content=\"image\/png\" \/>\n<meta name=\"twitter:card\" content=\"summary_large_image\" \/>\n<meta name=\"twitter:label1\" content=\"Est. reading time\" \/>\n\t<meta name=\"twitter:data1\" content=\"1 minute\" \/>\n<script type=\"application\/ld+json\" class=\"yoast-schema-graph\">{\"@context\":\"https:\\\/\\\/schema.org\",\"@graph\":[{\"@type\":\"WebPage\",\"@id\":\"https:\\\/\\\/shs-protect.com\\\/termek\\\/shs-relax\\\/\",\"url\":\"https:\\\/\\\/shs-protect.com\\\/termek\\\/shs-relax\\\/\",\"name\":\"SHS Relax - SHS-Protect by SHS\",\"isPartOf\":{\"@id\":\"https:\\\/\\\/shs-protect.com\\\/#website\"},\"primaryImageOfPage\":{\"@id\":\"https:\\\/\\\/shs-protect.com\\\/termek\\\/shs-relax\\\/#primaryimage\"},\"image\":{\"@id\":\"https:\\\/\\\/shs-protect.com\\\/termek\\\/shs-relax\\\/#primaryimage\"},\"thumbnailUrl\":\"https:\\\/\\\/shs-protect.com\\\/wp-content\\\/uploads\\\/2024\\\/12\\\/5.png\",\"datePublished\":\"2024-11-12T21:08:41+00:00\",\"dateModified\":\"2025-03-08T12:38:58+00:00\",\"breadcrumb\":{\"@id\":\"https:\\\/\\\/shs-protect.com\\\/termek\\\/shs-relax\\\/#breadcrumb\"},\"inLanguage\":\"en-US\",\"potentialAction\":[{\"@type\":\"ReadAction\",\"target\":[\"https:\\\/\\\/shs-protect.com\\\/termek\\\/shs-relax\\\/\"]}]},{\"@type\":\"ImageObject\",\"inLanguage\":\"en-US\",\"@id\":\"https:\\\/\\\/shs-protect.com\\\/termek\\\/shs-relax\\\/#primaryimage\",\"url\":\"https:\\\/\\\/shs-protect.com\\\/wp-content\\\/uploads\\\/2024\\\/12\\\/5.png\",\"contentUrl\":\"https:\\\/\\\/shs-protect.com\\\/wp-content\\\/uploads\\\/2024\\\/12\\\/5.png\",\"width\":500,\"height\":500},{\"@type\":\"BreadcrumbList\",\"@id\":\"https:\\\/\\\/shs-protect.com\\\/termek\\\/shs-relax\\\/#breadcrumb\",\"itemListElement\":[{\"@type\":\"ListItem\",\"position\":1,\"name\":\"Kezd\u0151lap\",\"item\":\"https:\\\/\\\/shs-protect.com\\\/\"},{\"@type\":\"ListItem\",\"position\":2,\"name\":\"Shop\",\"item\":\"https:\\\/\\\/shs-protect.com\\\/uzlet\\\/\"},{\"@type\":\"ListItem\",\"position\":3,\"name\":\"SHS Relax\"}]},{\"@type\":\"WebSite\",\"@id\":\"https:\\\/\\\/shs-protect.com\\\/#website\",\"url\":\"https:\\\/\\\/shs-protect.com\\\/\",\"name\":\"SHS-Protect by SHS\",\"description\":\"Teremts Magadnak Harm\u00f3ni\u00e1t\",\"publisher\":{\"@id\":\"https:\\\/\\\/shs-protect.com\\\/#organization\"},\"potentialAction\":[{\"@type\":\"SearchAction\",\"target\":{\"@type\":\"EntryPoint\",\"urlTemplate\":\"https:\\\/\\\/shs-protect.com\\\/?s={search_term_string}\"},\"query-input\":{\"@type\":\"PropertyValueSpecification\",\"valueRequired\":true,\"valueName\":\"search_term_string\"}}],\"inLanguage\":\"en-US\"},{\"@type\":\"Organization\",\"@id\":\"https:\\\/\\\/shs-protect.com\\\/#organization\",\"name\":\"SHS-Protect by SHS\",\"url\":\"https:\\\/\\\/shs-protect.com\\\/\",\"logo\":{\"@type\":\"ImageObject\",\"inLanguage\":\"en-US\",\"@id\":\"https:\\\/\\\/shs-protect.com\\\/#\\\/schema\\\/logo\\\/image\\\/\",\"url\":\"https:\\\/\\\/shs-protect.com\\\/wp-content\\\/uploads\\\/2024\\\/11\\\/2-5.png\",\"contentUrl\":\"https:\\\/\\\/shs-protect.com\\\/wp-content\\\/uploads\\\/2024\\\/11\\\/2-5.png\",\"width\":388,\"height\":114,\"caption\":\"SHS-Protect by SHS\"},\"image\":{\"@id\":\"https:\\\/\\\/shs-protect.com\\\/#\\\/schema\\\/logo\\\/image\\\/\"}}]}<\/script>\n<!-- \/ Yoast SEO plugin. -->","yoast_head_json":{"title":"SHS Relax - SHS-Protect by SHS","robots":{"index":"index","follow":"follow","max-snippet":"max-snippet:-1","max-image-preview":"max-image-preview:large","max-video-preview":"max-video-preview:-1"},"canonical":"https:\/\/shs-protect.com\/en\/product\/shs-relax\/","og_locale":"en_US","og_type":"article","og_title":"SHS Relax - SHS-Protect by SHS","og_description":"Nyugodt \u00e9s sug\u00e1rz\u00e1smentes t\u00e9r kialak\u00edt\u00e1s\u00e1ra szolg\u00e1l, amely hozz\u00e1j\u00e1rul a jobb alv\u00e1shoz \u00e9s a testi-lelki pihen\u00e9shez.","og_url":"https:\/\/shs-protect.com\/en\/product\/shs-relax\/","og_site_name":"SHS-Protect by SHS","article_modified_time":"2025-03-08T12:38:58+00:00","og_image":[{"width":500,"height":500,"url":"https:\/\/shs-protect.com\/wp-content\/uploads\/2024\/12\/5.png","type":"image\/png"}],"twitter_card":"summary_large_image","twitter_misc":{"Est. reading time":"1 minute"},"schema":{"@context":"https:\/\/schema.org","@graph":[{"@type":"WebPage","@id":"https:\/\/shs-protect.com\/termek\/shs-relax\/","url":"https:\/\/shs-protect.com\/termek\/shs-relax\/","name":"SHS Relax - SHS-Protect by SHS","isPartOf":{"@id":"https:\/\/shs-protect.com\/#website"},"primaryImageOfPage":{"@id":"https:\/\/shs-protect.com\/termek\/shs-relax\/#primaryimage"},"image":{"@id":"https:\/\/shs-protect.com\/termek\/shs-relax\/#primaryimage"},"thumbnailUrl":"https:\/\/shs-protect.com\/wp-content\/uploads\/2024\/12\/5.png","datePublished":"2024-11-12T21:08:41+00:00","dateModified":"2025-03-08T12:38:58+00:00","breadcrumb":{"@id":"https:\/\/shs-protect.com\/termek\/shs-relax\/#breadcrumb"},"inLanguage":"en-US","potentialAction":[{"@type":"ReadAction","target":["https:\/\/shs-protect.com\/termek\/shs-relax\/"]}]},{"@type":"ImageObject","inLanguage":"en-US","@id":"https:\/\/shs-protect.com\/termek\/shs-relax\/#primaryimage","url":"https:\/\/shs-protect.com\/wp-content\/uploads\/2024\/12\/5.png","contentUrl":"https:\/\/shs-protect.com\/wp-content\/uploads\/2024\/12\/5.png","width":500,"height":500},{"@type":"BreadcrumbList","@id":"https:\/\/shs-protect.com\/termek\/shs-relax\/#breadcrumb","itemListElement":[{"@type":"ListItem","position":1,"name":"Kezd\u0151lap","item":"https:\/\/shs-protect.com\/"},{"@type":"ListItem","position":2,"name":"Shop","item":"https:\/\/shs-protect.com\/uzlet\/"},{"@type":"ListItem","position":3,"name":"SHS Relax"}]},{"@type":"WebSite","@id":"https:\/\/shs-protect.com\/#website","url":"https:\/\/shs-protect.com\/","name":"SHS-Protect by SHS","description":"Create Harmony for Yourself","publisher":{"@id":"https:\/\/shs-protect.com\/#organization"},"potentialAction":[{"@type":"SearchAction","target":{"@type":"EntryPoint","urlTemplate":"https:\/\/shs-protect.com\/?s={search_term_string}"},"query-input":{"@type":"PropertyValueSpecification","valueRequired":true,"valueName":"search_term_string"}}],"inLanguage":"en-US"},{"@type":"Organization","@id":"https:\/\/shs-protect.com\/#organization","name":"SHS-Protect by SHS","url":"https:\/\/shs-protect.com\/","logo":{"@type":"ImageObject","inLanguage":"en-US","@id":"https:\/\/shs-protect.com\/#\/schema\/logo\/image\/","url":"https:\/\/shs-protect.com\/wp-content\/uploads\/2024\/11\/2-5.png","contentUrl":"https:\/\/shs-protect.com\/wp-content\/uploads\/2024\/11\/2-5.png","width":388,"height":114,"caption":"SHS-Protect by SHS"},"image":{"@id":"https:\/\/shs-protect.com\/#\/schema\/logo\/image\/"}}]}},"_links":{"self":[{"href":"https:\/\/shs-protect.com\/en\/wp-json\/wp\/v2\/product\/234","targetHints":{"allow":["GET"]}}],"collection":[{"href":"https:\/\/shs-protect.com\/en\/wp-json\/wp\/v2\/product"}],"about":[{"href":"https:\/\/shs-protect.com\/en\/wp-json\/wp\/v2\/types\/product"}],"replies":[{"embeddable":true,"href":"https:\/\/shs-protect.com\/en\/wp-json\/wp\/v2\/comments?post=234"}],"version-history":[{"count":4,"href":"https:\/\/shs-protect.com\/en\/wp-json\/wp\/v2\/product\/234\/revisions"}],"predecessor-version":[{"id":1142,"href":"https:\/\/shs-protect.com\/en\/wp-json\/wp\/v2\/product\/234\/revisions\/1142"}],"wp:featuredmedia":[{"embeddable":true,"href":"https:\/\/shs-protect.com\/en\/wp-json\/wp\/v2\/media\/697"}],"wp:attachment":[{"href":"https:\/\/shs-protect.com\/en\/wp-json\/wp\/v2\/media?parent=234"}],"wp:term":[{"taxonomy":"product_brand","embeddable":true,"href":"https:\/\/shs-protect.com\/en\/wp-json\/wp\/v2\/product_brand?post=234"},{"taxonomy":"product_cat","embeddable":true,"href":"https:\/\/shs-protect.com\/en\/wp-json\/wp\/v2\/product_cat?post=234"},{"taxonomy":"product_tag","embeddable":true,"href":"https:\/\/shs-protect.com\/en\/wp-json\/wp\/v2\/product_tag?post=234"}],"curies":[{"name":"wp","href":"https:\/\/api.w.org\/{rel}","templated":true}]}}